{"id":4877,"date":"2016-07-21T08:04:01","date_gmt":"2016-07-21T08:04:01","guid":{"rendered":"https:\/\/kysearo.com\/?page_id=4877"},"modified":"2025-07-21T06:47:43","modified_gmt":"2025-07-21T06:47:43","slug":"afsaltningssystem-i-container","status":"publish","type":"page","link":"https:\/\/kysearo.com\/da\/afsaltningssystem-i-container\/","title":{"rendered":"Afsaltningssystem i container"},"content":{"rendered":"<div class=\"fusion-fullwidth fullwidth-box fusion-builder-row-1 nonhundred-percent-fullwidth non-hundred-percent-height-scrolling\"  style='background-color: rgba(255,255,255,0);background-position: center center;background-repeat: no-repeat;padding-top:0px;padding-right:0px;padding-bottom:0px;padding-left:0px;'><div class=\"fusion-builder-row fusion-row\"><div  class=\"fusion-layout-column fusion_builder_column fusion_builder_column_1_1 fusion-builder-column-0 fusion-one-full fusion-column-first fusion-column-last 1_1\"  style='margin-top:0px;margin-bottom:0px;'><div class=\"fusion-column-wrapper\" style=\"padding: 0px 0px 0px 0px;background-position:left top;background-repeat:no-repeat;-webkit-background-size:cover;-moz-background-size:cover;-o-background-size:cover;background-size:cover;\"   data-bg-url=\"\"><div class=\"fusion-text\"><h2>100 TPD Containerbaseret afsaltningssystem af grundvand<\/h2>\n<p>Kapacitet for produktvand: 100 TPD<\/p>\n<p>R\u00e5vand: Underjordisk vand med en TDS p\u00e5 6000 ppm<\/p>\n<p>Produktets vandforbrug: vandforbrug i hjemmet, f.eks. til madlavning, badning og drikke efter kogning<\/p>\n<p>Projektsted: xx milit\u00e6rlejre i Juba i Republikken Sydsudan<\/p>\n<h3>Introduktion<\/h3>\n<p>Samlingsarbejdet p\u00e5 vores v\u00e6rksted startede i marts 2016 og sluttede i april. I henhold til kundens krav blev alle komponenter og enheder installeret i en 40 fods container f\u00f8r levering. Desuden er det n\u00f8dvendige idrifts\u00e6ttelsesarbejde udf\u00f8rt p\u00e5 vores v\u00e6rksted. Det h\u00f8rer til et n\u00f8glef\u00e6rdigt projekt, hvilket betyder, at afsaltningsanl\u00e6gget kan fungere umiddelbart efter vand- og str\u00f8mtilslutning og enkel betjeningsvejledning.<\/p>\n<p>Vigtigste tekniske processer: R\u00e5vandstank - Sandfiltrering - Filtrering med aktivt kul - Omvendt osmosesystem - Vandforsyningssystem<\/p>\n<h3>Driftsstatus:<\/h3>\n<p>Anl\u00e6gget ankom til stedet i april 2016. Efter en forel\u00f8big vandkilde og str\u00f8mtilslutning blev afsaltningsanl\u00e6gget sat i drift. I l\u00f8bet af n\u00e6sten 3 m\u00e5neders drift fik vi nogle tilbagemeldinger fra kunden: r\u00e5vandskvaliteten varierer og den dynamiske \u00e6ndring i TDS. Takket v\u00e6re vores ingeni\u00f8rers store erfaring med afsaltning af brakvand kan det designede system til en vis grad b\u00e6re de forskellige \u00e6ndringer i vandkvaliteten, hvilket gjorde et dybt indtryk p\u00e5 vores kunde. Og indtil nu fungerer det ret godt, og vi er glade for at h\u00f8re, at vores produkt tilb\u00f8d en god l\u00f8sning til kundens krav. Dette afsaltningssystem i container konverterer grundvand til ferskvand.<\/p>\n<\/div><div class=\"fusion-clearfix\"><\/div><\/div><\/div><\/div><\/div>","protected":false},"excerpt":{"rendered":"100 TPD Containerized Desalination System of Groundwater Product water capacity: [...]","protected":false},"author":1,"featured_media":5070,"parent":0,"menu_order":0,"comment_status":"closed","ping_status":"closed","template":"","meta":{"footnotes":""},"class_list":["post-4877","page","type-page","status-publish","has-post-thumbnail","hentry"],"yoast_head":"<!-- This site is optimized with the Yoast SEO plugin v26.5 - https:\/\/yoast.com\/wordpress\/plugins\/seo\/ -->\n<title>100 TPD Containerized Desalination System | KYSEARO<\/title>\n<meta name=\"description\" content=\"Containerized desalination system was manufactured for South Sudan customer, it can produce 5 tons per hour fresh water for local residents domestic using.\" \/>\n<meta name=\"robots\" content=\"index, follow, max-snippet:-1, max-image-preview:large, max-video-preview:-1\" \/>\n<link rel=\"canonical\" href=\"https:\/\/kysearo.com\/da\/afsaltningssystem-i-container\/\" \/>\n<meta property=\"og:locale\" content=\"da_DK\" \/>\n<meta property=\"og:type\" content=\"article\" \/>\n<meta property=\"og:title\" content=\"100 TPD Containerized Desalination System | KYSEARO\" \/>\n<meta property=\"og:description\" content=\"Containerized desalination system was manufactured for South Sudan customer, it can produce 5 tons per hour fresh water for local residents domestic using.\" \/>\n<meta property=\"og:url\" content=\"https:\/\/kysearo.com\/da\/afsaltningssystem-i-container\/\" \/>\n<meta property=\"og:site_name\" content=\"Kangyang seawater desalination equipment Co.,ltd\" \/>\n<meta property=\"article:modified_time\" content=\"2025-07-21T06:47:43+00:00\" \/>\n<meta property=\"og:image\" content=\"https:\/\/kysearo.com\/wp-content\/uploads\/2017\/08\/containerized-seawater-desalination-.png\" \/>\n\t<meta property=\"og:image:width\" content=\"1920\" \/>\n\t<meta property=\"og:image:height\" content=\"1080\" \/>\n\t<meta property=\"og:image:type\" content=\"image\/png\" \/>\n<meta name=\"twitter:label1\" content=\"Estimeret l\u00e6setid\" \/>\n\t<meta name=\"twitter:data1\" content=\"3 minutter\" \/>\n<script type=\"application\/ld+json\" class=\"yoast-schema-graph\">{\"@context\":\"https:\/\/schema.org\",\"@graph\":[{\"@type\":\"WebPage\",\"@id\":\"https:\/\/kysearo.com\/containerized-desalination-system\/\",\"url\":\"https:\/\/kysearo.com\/containerized-desalination-system\/\",\"name\":\"100 TPD Containerized Desalination System | KYSEARO\",\"isPartOf\":{\"@id\":\"https:\/\/kysearo.com\/#website\"},\"primaryImageOfPage\":{\"@id\":\"https:\/\/kysearo.com\/containerized-desalination-system\/#primaryimage\"},\"image\":{\"@id\":\"https:\/\/kysearo.com\/containerized-desalination-system\/#primaryimage\"},\"thumbnailUrl\":\"https:\/\/kysearo.com\/wp-content\/uploads\/2017\/08\/containerized-seawater-desalination-.png\",\"datePublished\":\"2016-07-21T08:04:01+00:00\",\"dateModified\":\"2025-07-21T06:47:43+00:00\",\"description\":\"Containerized desalination system was manufactured for South Sudan customer, it can produce 5 tons per hour fresh water for local residents domestic using.\",\"breadcrumb\":{\"@id\":\"https:\/\/kysearo.com\/containerized-desalination-system\/#breadcrumb\"},\"inLanguage\":\"da-DK\",\"potentialAction\":[{\"@type\":\"ReadAction\",\"target\":[\"https:\/\/kysearo.com\/containerized-desalination-system\/\"]}]},{\"@type\":\"ImageObject\",\"inLanguage\":\"da-DK\",\"@id\":\"https:\/\/kysearo.com\/containerized-desalination-system\/#primaryimage\",\"url\":\"https:\/\/kysearo.com\/wp-content\/uploads\/2017\/08\/containerized-seawater-desalination-.png\",\"contentUrl\":\"https:\/\/kysearo.com\/wp-content\/uploads\/2017\/08\/containerized-seawater-desalination-.png\",\"width\":1920,\"height\":1080},{\"@type\":\"BreadcrumbList\",\"@id\":\"https:\/\/kysearo.com\/containerized-desalination-system\/#breadcrumb\",\"itemListElement\":[{\"@type\":\"ListItem\",\"position\":1,\"name\":\"Home\",\"item\":\"https:\/\/kysearo.com\/\"},{\"@type\":\"ListItem\",\"position\":2,\"name\":\"Containerized Desalination System\"}]},{\"@type\":\"WebSite\",\"@id\":\"https:\/\/kysearo.com\/#website\",\"url\":\"https:\/\/kysearo.com\/\",\"name\":\"Kangyang seawater desalination equipment Co.,ltd\",\"description\":\"Reverse osmosis system,Seawater desalination plant manufacturer\",\"publisher\":{\"@id\":\"https:\/\/kysearo.com\/#organization\"},\"potentialAction\":[{\"@type\":\"SearchAction\",\"target\":{\"@type\":\"EntryPoint\",\"urlTemplate\":\"https:\/\/kysearo.com\/?s={search_term_string}\"},\"query-input\":{\"@type\":\"PropertyValueSpecification\",\"valueRequired\":true,\"valueName\":\"search_term_string\"}}],\"inLanguage\":\"da-DK\"},{\"@type\":\"Organization\",\"@id\":\"https:\/\/kysearo.com\/#organization\",\"name\":\"Kangyang seawater desalination equipment Co.,ltd\",\"url\":\"https:\/\/kysearo.com\/\",\"logo\":{\"@type\":\"ImageObject\",\"inLanguage\":\"da-DK\",\"@id\":\"https:\/\/kysearo.com\/#\/schema\/logo\/image\/\",\"url\":\"https:\/\/kysearo.com\/wp-content\/uploads\/2020\/04\/kysearo-logo.jpg\",\"contentUrl\":\"https:\/\/kysearo.com\/wp-content\/uploads\/2020\/04\/kysearo-logo.jpg\",\"width\":80,\"height\":80,\"caption\":\"Kangyang seawater desalination equipment Co.,ltd\"},\"image\":{\"@id\":\"https:\/\/kysearo.com\/#\/schema\/logo\/image\/\"}}]}<\/script>\n<!-- \/ Yoast SEO plugin. -->","yoast_head_json":{"title":"100 TPD afsaltningssystem i container | KYSEARO","description":"Afsaltningssystemet i container blev fremstillet til en kunde i Sydsudan, og det kan producere 5 tons ferskvand i timen til lokalbefolkningens husholdningsbrug.","robots":{"index":"index","follow":"follow","max-snippet":"max-snippet:-1","max-image-preview":"max-image-preview:large","max-video-preview":"max-video-preview:-1"},"canonical":"https:\/\/kysearo.com\/da\/afsaltningssystem-i-container\/","og_locale":"da_DK","og_type":"article","og_title":"100 TPD Containerized Desalination System | KYSEARO","og_description":"Containerized desalination system was manufactured for South Sudan customer, it can produce 5 tons per hour fresh water for local residents domestic using.","og_url":"https:\/\/kysearo.com\/da\/afsaltningssystem-i-container\/","og_site_name":"Kangyang seawater desalination equipment Co.,ltd","article_modified_time":"2025-07-21T06:47:43+00:00","og_image":[{"width":1920,"height":1080,"url":"https:\/\/kysearo.com\/wp-content\/uploads\/2017\/08\/containerized-seawater-desalination-.png","type":"image\/png"}],"twitter_misc":{"Estimeret l\u00e6setid":"3 minutter"},"schema":{"@context":"https:\/\/schema.org","@graph":[{"@type":"WebPage","@id":"https:\/\/kysearo.com\/containerized-desalination-system\/","url":"https:\/\/kysearo.com\/containerized-desalination-system\/","name":"100 TPD afsaltningssystem i container | KYSEARO","isPartOf":{"@id":"https:\/\/kysearo.com\/#website"},"primaryImageOfPage":{"@id":"https:\/\/kysearo.com\/containerized-desalination-system\/#primaryimage"},"image":{"@id":"https:\/\/kysearo.com\/containerized-desalination-system\/#primaryimage"},"thumbnailUrl":"https:\/\/kysearo.com\/wp-content\/uploads\/2017\/08\/containerized-seawater-desalination-.png","datePublished":"2016-07-21T08:04:01+00:00","dateModified":"2025-07-21T06:47:43+00:00","description":"Afsaltningssystemet i container blev fremstillet til en kunde i Sydsudan, og det kan producere 5 tons ferskvand i timen til lokalbefolkningens husholdningsbrug.","breadcrumb":{"@id":"https:\/\/kysearo.com\/containerized-desalination-system\/#breadcrumb"},"inLanguage":"da-DK","potentialAction":[{"@type":"ReadAction","target":["https:\/\/kysearo.com\/containerized-desalination-system\/"]}]},{"@type":"ImageObject","inLanguage":"da-DK","@id":"https:\/\/kysearo.com\/containerized-desalination-system\/#primaryimage","url":"https:\/\/kysearo.com\/wp-content\/uploads\/2017\/08\/containerized-seawater-desalination-.png","contentUrl":"https:\/\/kysearo.com\/wp-content\/uploads\/2017\/08\/containerized-seawater-desalination-.png","width":1920,"height":1080},{"@type":"BreadcrumbList","@id":"https:\/\/kysearo.com\/containerized-desalination-system\/#breadcrumb","itemListElement":[{"@type":"ListItem","position":1,"name":"Home","item":"https:\/\/kysearo.com\/"},{"@type":"ListItem","position":2,"name":"Containerized Desalination System"}]},{"@type":"WebSite","@id":"https:\/\/kysearo.com\/#website","url":"https:\/\/kysearo.com\/","name":"Kangyang udstyr til afsaltning af havvand Co.,ltd","description":"System til omvendt osmose,Producent af afsaltningsanl\u00e6g til havvand","publisher":{"@id":"https:\/\/kysearo.com\/#organization"},"potentialAction":[{"@type":"SearchAction","target":{"@type":"EntryPoint","urlTemplate":"https:\/\/kysearo.com\/?s={search_term_string}"},"query-input":{"@type":"PropertyValueSpecification","valueRequired":true,"valueName":"search_term_string"}}],"inLanguage":"da-DK"},{"@type":"Organization","@id":"https:\/\/kysearo.com\/#organization","name":"Kangyang udstyr til afsaltning af havvand Co.,ltd","url":"https:\/\/kysearo.com\/","logo":{"@type":"ImageObject","inLanguage":"da-DK","@id":"https:\/\/kysearo.com\/#\/schema\/logo\/image\/","url":"https:\/\/kysearo.com\/wp-content\/uploads\/2020\/04\/kysearo-logo.jpg","contentUrl":"https:\/\/kysearo.com\/wp-content\/uploads\/2020\/04\/kysearo-logo.jpg","width":80,"height":80,"caption":"Kangyang seawater desalination equipment Co.,ltd"},"image":{"@id":"https:\/\/kysearo.com\/#\/schema\/logo\/image\/"}}]}},"_links":{"self":[{"href":"https:\/\/kysearo.com\/da\/wp-json\/wp\/v2\/pages\/4877","targetHints":{"allow":["GET"]}}],"collection":[{"href":"https:\/\/kysearo.com\/da\/wp-json\/wp\/v2\/pages"}],"about":[{"href":"https:\/\/kysearo.com\/da\/wp-json\/wp\/v2\/types\/page"}],"author":[{"embeddable":true,"href":"https:\/\/kysearo.com\/da\/wp-json\/wp\/v2\/users\/1"}],"replies":[{"embeddable":true,"href":"https:\/\/kysearo.com\/da\/wp-json\/wp\/v2\/comments?post=4877"}],"version-history":[{"count":18,"href":"https:\/\/kysearo.com\/da\/wp-json\/wp\/v2\/pages\/4877\/revisions"}],"predecessor-version":[{"id":5808,"href":"https:\/\/kysearo.com\/da\/wp-json\/wp\/v2\/pages\/4877\/revisions\/5808"}],"wp:featuredmedia":[{"embeddable":true,"href":"https:\/\/kysearo.com\/da\/wp-json\/wp\/v2\/media\/5070"}],"wp:attachment":[{"href":"https:\/\/kysearo.com\/da\/wp-json\/wp\/v2\/media?parent=4877"}],"curies":[{"name":"wp","href":"https:\/\/api.w.org\/{rel}","templated":true}]}}