{"id":4877,"date":"2016-07-21T08:04:01","date_gmt":"2016-07-21T08:04:01","guid":{"rendered":"https:\/\/kysearo.com\/?page_id=4877"},"modified":"2025-07-21T06:47:43","modified_gmt":"2025-07-21T06:47:43","slug":"sistema-de-desalinizacion-en-contenedor","status":"publish","type":"page","link":"https:\/\/kysearo.com\/es\/sistema-de-desalinizacion-en-contenedor\/","title":{"rendered":"Sistema de desalinizaci\u00f3n en contenedor"},"content":{"rendered":"<div class=\"fusion-fullwidth fullwidth-box fusion-builder-row-1 nonhundred-percent-fullwidth non-hundred-percent-height-scrolling\"  style='background-color: rgba(255,255,255,0);background-position: center center;background-repeat: no-repeat;padding-top:0px;padding-right:0px;padding-bottom:0px;padding-left:0px;'><div class=\"fusion-builder-row fusion-row\"><div  class=\"fusion-layout-column fusion_builder_column fusion_builder_column_1_1 fusion-builder-column-0 fusion-one-full fusion-column-first fusion-column-last 1_1\"  style='margin-top:0px;margin-bottom:0px;'><div class=\"fusion-column-wrapper\" style=\"padding: 0px 0px 0px 0px;background-position:left top;background-repeat:no-repeat;-webkit-background-size:cover;-moz-background-size:cover;-o-background-size:cover;background-size:cover;\"   data-bg-url=\"\"><div class=\"fusion-text\"><h2>Sistema de desalinizaci\u00f3n de aguas subterr\u00e1neas en contenedores de 100 TPD<\/h2>\n<p>Capacidad de agua de producto: 100 TPD<\/p>\n<p>Agua bruta: Agua subterr\u00e1nea con un TDS de 6000 ppm<\/p>\n<p>Uso del agua del producto: consumo dom\u00e9stico de agua, como cocinar, ba\u00f1arse y beber despu\u00e9s de hervirla.<\/p>\n<p>Ubicaci\u00f3n del proyecto: xx Campamentos militares en Juba de la Rep\u00fablica de Sud\u00e1n del Sur<\/p>\n<h3>Introducci\u00f3n<\/h3>\n<p>Los trabajos de montaje en nuestro taller comenzaron en marzo de 2016 y finalizaron en abril. De acuerdo con los requisitos del cliente, todos los componentes y dispositivos se instalaron bien en un contenedor de 40 pies antes de la entrega. Adem\u00e1s, los trabajos de puesta en marcha necesarios se han realizado en nuestro taller. Se trata de un proyecto llave en mano, lo que significa que la planta desalinizadora puede funcionar inmediatamente despu\u00e9s de la conexi\u00f3n de agua y electricidad y de una gu\u00eda de funcionamiento sencilla.<\/p>\n<p>Principales procesos t\u00e9cnicos: Dep\u00f3sito de agua bruta - Filtraci\u00f3n de arena - Filtraci\u00f3n de carb\u00f3n activado - Sistema de \u00f3smosis inversa - Sistema de suministro de agua<\/p>\n<h3>Estado de la operaci\u00f3n:<\/h3>\n<p>La planta lleg\u00f3 al emplazamiento en abril de 2016. Tras una conexi\u00f3n preliminar a la fuente de agua y a la red el\u00e9ctrica, la planta desalinizadora empez\u00f3 a funcionar. Durante casi 3 meses de funcionamiento, recibimos algunos comentarios del cliente: la calidad del agua bruta var\u00eda y el cambio din\u00e1mico en TDS. Gracias a la amplia experiencia de nuestros ingenieros en la desalinizaci\u00f3n de agua salobre, el sistema dise\u00f1ado puede soportar los diversos cambios de calidad del agua en cierto grado, lo que caus\u00f3 una profunda impresi\u00f3n en nuestro cliente. Y hasta ahora, funciona bastante bien, y estamos contentos de escuchar que nuestro producto ofrece una buena soluci\u00f3n para las necesidades del cliente. Este sistema de desalinizaci\u00f3n en contenedor para convertir el agua subterr\u00e1nea de pozo en agua dulce.<\/p>\n<\/div><div class=\"fusion-clearfix\"><\/div><\/div><\/div><\/div><\/div>","protected":false},"excerpt":{"rendered":"100 TPD Containerized Desalination System of Groundwater Product water capacity: [...]","protected":false},"author":1,"featured_media":5070,"parent":0,"menu_order":0,"comment_status":"closed","ping_status":"closed","template":"","meta":{"footnotes":""},"class_list":["post-4877","page","type-page","status-publish","has-post-thumbnail","hentry"],"yoast_head":"<!-- This site is optimized with the Yoast SEO plugin v26.5 - https:\/\/yoast.com\/wordpress\/plugins\/seo\/ -->\n<title>100 TPD Containerized Desalination System | KYSEARO<\/title>\n<meta name=\"description\" content=\"Containerized desalination system was manufactured for South Sudan customer, it can produce 5 tons per hour fresh water for local residents domestic using.\" \/>\n<meta name=\"robots\" content=\"index, follow, max-snippet:-1, max-image-preview:large, max-video-preview:-1\" \/>\n<link rel=\"canonical\" href=\"https:\/\/kysearo.com\/es\/sistema-de-desalinizacion-en-contenedor\/\" \/>\n<meta property=\"og:locale\" content=\"es_ES\" \/>\n<meta property=\"og:type\" content=\"article\" \/>\n<meta property=\"og:title\" content=\"100 TPD Containerized Desalination System | KYSEARO\" \/>\n<meta property=\"og:description\" content=\"Containerized desalination system was manufactured for South Sudan customer, it can produce 5 tons per hour fresh water for local residents domestic using.\" \/>\n<meta property=\"og:url\" content=\"https:\/\/kysearo.com\/es\/sistema-de-desalinizacion-en-contenedor\/\" \/>\n<meta property=\"og:site_name\" content=\"Kangyang seawater desalination equipment Co.,ltd\" \/>\n<meta property=\"article:modified_time\" content=\"2025-07-21T06:47:43+00:00\" \/>\n<meta property=\"og:image\" content=\"https:\/\/kysearo.com\/wp-content\/uploads\/2017\/08\/containerized-seawater-desalination-.png\" \/>\n\t<meta property=\"og:image:width\" content=\"1920\" \/>\n\t<meta property=\"og:image:height\" content=\"1080\" \/>\n\t<meta property=\"og:image:type\" content=\"image\/png\" \/>\n<meta name=\"twitter:label1\" content=\"Tiempo de lectura\" \/>\n\t<meta name=\"twitter:data1\" content=\"3 minutos\" \/>\n<script type=\"application\/ld+json\" class=\"yoast-schema-graph\">{\"@context\":\"https:\/\/schema.org\",\"@graph\":[{\"@type\":\"WebPage\",\"@id\":\"https:\/\/kysearo.com\/containerized-desalination-system\/\",\"url\":\"https:\/\/kysearo.com\/containerized-desalination-system\/\",\"name\":\"100 TPD Containerized Desalination System | KYSEARO\",\"isPartOf\":{\"@id\":\"https:\/\/kysearo.com\/#website\"},\"primaryImageOfPage\":{\"@id\":\"https:\/\/kysearo.com\/containerized-desalination-system\/#primaryimage\"},\"image\":{\"@id\":\"https:\/\/kysearo.com\/containerized-desalination-system\/#primaryimage\"},\"thumbnailUrl\":\"https:\/\/kysearo.com\/wp-content\/uploads\/2017\/08\/containerized-seawater-desalination-.png\",\"datePublished\":\"2016-07-21T08:04:01+00:00\",\"dateModified\":\"2025-07-21T06:47:43+00:00\",\"description\":\"Containerized desalination system was manufactured for South Sudan customer, it can produce 5 tons per hour fresh water for local residents domestic using.\",\"breadcrumb\":{\"@id\":\"https:\/\/kysearo.com\/containerized-desalination-system\/#breadcrumb\"},\"inLanguage\":\"es\",\"potentialAction\":[{\"@type\":\"ReadAction\",\"target\":[\"https:\/\/kysearo.com\/containerized-desalination-system\/\"]}]},{\"@type\":\"ImageObject\",\"inLanguage\":\"es\",\"@id\":\"https:\/\/kysearo.com\/containerized-desalination-system\/#primaryimage\",\"url\":\"https:\/\/kysearo.com\/wp-content\/uploads\/2017\/08\/containerized-seawater-desalination-.png\",\"contentUrl\":\"https:\/\/kysearo.com\/wp-content\/uploads\/2017\/08\/containerized-seawater-desalination-.png\",\"width\":1920,\"height\":1080},{\"@type\":\"BreadcrumbList\",\"@id\":\"https:\/\/kysearo.com\/containerized-desalination-system\/#breadcrumb\",\"itemListElement\":[{\"@type\":\"ListItem\",\"position\":1,\"name\":\"Home\",\"item\":\"https:\/\/kysearo.com\/\"},{\"@type\":\"ListItem\",\"position\":2,\"name\":\"Containerized Desalination System\"}]},{\"@type\":\"WebSite\",\"@id\":\"https:\/\/kysearo.com\/#website\",\"url\":\"https:\/\/kysearo.com\/\",\"name\":\"Kangyang seawater desalination equipment Co.,ltd\",\"description\":\"Reverse osmosis system,Seawater desalination plant manufacturer\",\"publisher\":{\"@id\":\"https:\/\/kysearo.com\/#organization\"},\"potentialAction\":[{\"@type\":\"SearchAction\",\"target\":{\"@type\":\"EntryPoint\",\"urlTemplate\":\"https:\/\/kysearo.com\/?s={search_term_string}\"},\"query-input\":{\"@type\":\"PropertyValueSpecification\",\"valueRequired\":true,\"valueName\":\"search_term_string\"}}],\"inLanguage\":\"es\"},{\"@type\":\"Organization\",\"@id\":\"https:\/\/kysearo.com\/#organization\",\"name\":\"Kangyang seawater desalination equipment Co.,ltd\",\"url\":\"https:\/\/kysearo.com\/\",\"logo\":{\"@type\":\"ImageObject\",\"inLanguage\":\"es\",\"@id\":\"https:\/\/kysearo.com\/#\/schema\/logo\/image\/\",\"url\":\"https:\/\/kysearo.com\/wp-content\/uploads\/2020\/04\/kysearo-logo.jpg\",\"contentUrl\":\"https:\/\/kysearo.com\/wp-content\/uploads\/2020\/04\/kysearo-logo.jpg\",\"width\":80,\"height\":80,\"caption\":\"Kangyang seawater desalination equipment Co.,ltd\"},\"image\":{\"@id\":\"https:\/\/kysearo.com\/#\/schema\/logo\/image\/\"}}]}<\/script>\n<!-- \/ Yoast SEO plugin. -->","yoast_head_json":{"title":"Sistema de desalinizaci\u00f3n en contenedor de 100 TPD | KYSEARO","description":"Se fabric\u00f3 un sistema de desalinizaci\u00f3n en contenedor para un cliente de Sud\u00e1n del Sur, que puede producir 5 toneladas de agua dulce por hora para uso dom\u00e9stico de los residentes locales.","robots":{"index":"index","follow":"follow","max-snippet":"max-snippet:-1","max-image-preview":"max-image-preview:large","max-video-preview":"max-video-preview:-1"},"canonical":"https:\/\/kysearo.com\/es\/sistema-de-desalinizacion-en-contenedor\/","og_locale":"es_ES","og_type":"article","og_title":"100 TPD Containerized Desalination System | KYSEARO","og_description":"Containerized desalination system was manufactured for South Sudan customer, it can produce 5 tons per hour fresh water for local residents domestic using.","og_url":"https:\/\/kysearo.com\/es\/sistema-de-desalinizacion-en-contenedor\/","og_site_name":"Kangyang seawater desalination equipment Co.,ltd","article_modified_time":"2025-07-21T06:47:43+00:00","og_image":[{"width":1920,"height":1080,"url":"https:\/\/kysearo.com\/wp-content\/uploads\/2017\/08\/containerized-seawater-desalination-.png","type":"image\/png"}],"twitter_misc":{"Tiempo de lectura":"3 minutos"},"schema":{"@context":"https:\/\/schema.org","@graph":[{"@type":"WebPage","@id":"https:\/\/kysearo.com\/containerized-desalination-system\/","url":"https:\/\/kysearo.com\/containerized-desalination-system\/","name":"Sistema de desalinizaci\u00f3n en contenedor de 100 TPD | KYSEARO","isPartOf":{"@id":"https:\/\/kysearo.com\/#website"},"primaryImageOfPage":{"@id":"https:\/\/kysearo.com\/containerized-desalination-system\/#primaryimage"},"image":{"@id":"https:\/\/kysearo.com\/containerized-desalination-system\/#primaryimage"},"thumbnailUrl":"https:\/\/kysearo.com\/wp-content\/uploads\/2017\/08\/containerized-seawater-desalination-.png","datePublished":"2016-07-21T08:04:01+00:00","dateModified":"2025-07-21T06:47:43+00:00","description":"Se fabric\u00f3 un sistema de desalinizaci\u00f3n en contenedor para un cliente de Sud\u00e1n del Sur, que puede producir 5 toneladas de agua dulce por hora para uso dom\u00e9stico de los residentes locales.","breadcrumb":{"@id":"https:\/\/kysearo.com\/containerized-desalination-system\/#breadcrumb"},"inLanguage":"es","potentialAction":[{"@type":"ReadAction","target":["https:\/\/kysearo.com\/containerized-desalination-system\/"]}]},{"@type":"ImageObject","inLanguage":"es","@id":"https:\/\/kysearo.com\/containerized-desalination-system\/#primaryimage","url":"https:\/\/kysearo.com\/wp-content\/uploads\/2017\/08\/containerized-seawater-desalination-.png","contentUrl":"https:\/\/kysearo.com\/wp-content\/uploads\/2017\/08\/containerized-seawater-desalination-.png","width":1920,"height":1080},{"@type":"BreadcrumbList","@id":"https:\/\/kysearo.com\/containerized-desalination-system\/#breadcrumb","itemListElement":[{"@type":"ListItem","position":1,"name":"Home","item":"https:\/\/kysearo.com\/"},{"@type":"ListItem","position":2,"name":"Containerized Desalination System"}]},{"@type":"WebSite","@id":"https:\/\/kysearo.com\/#website","url":"https:\/\/kysearo.com\/","name":"Equipos de desalinizaci\u00f3n de agua de mar Kangyang Co.,ltd","description":"Sistema de \u00f3smosis inversa,Fabricante de plantas desalinizadoras de agua de mar","publisher":{"@id":"https:\/\/kysearo.com\/#organization"},"potentialAction":[{"@type":"SearchAction","target":{"@type":"EntryPoint","urlTemplate":"https:\/\/kysearo.com\/?s={search_term_string}"},"query-input":{"@type":"PropertyValueSpecification","valueRequired":true,"valueName":"search_term_string"}}],"inLanguage":"es"},{"@type":"Organization","@id":"https:\/\/kysearo.com\/#organization","name":"Equipos de desalinizaci\u00f3n de agua de mar Kangyang Co.,ltd","url":"https:\/\/kysearo.com\/","logo":{"@type":"ImageObject","inLanguage":"es","@id":"https:\/\/kysearo.com\/#\/schema\/logo\/image\/","url":"https:\/\/kysearo.com\/wp-content\/uploads\/2020\/04\/kysearo-logo.jpg","contentUrl":"https:\/\/kysearo.com\/wp-content\/uploads\/2020\/04\/kysearo-logo.jpg","width":80,"height":80,"caption":"Kangyang seawater desalination equipment Co.,ltd"},"image":{"@id":"https:\/\/kysearo.com\/#\/schema\/logo\/image\/"}}]}},"_links":{"self":[{"href":"https:\/\/kysearo.com\/es\/wp-json\/wp\/v2\/pages\/4877","targetHints":{"allow":["GET"]}}],"collection":[{"href":"https:\/\/kysearo.com\/es\/wp-json\/wp\/v2\/pages"}],"about":[{"href":"https:\/\/kysearo.com\/es\/wp-json\/wp\/v2\/types\/page"}],"author":[{"embeddable":true,"href":"https:\/\/kysearo.com\/es\/wp-json\/wp\/v2\/users\/1"}],"replies":[{"embeddable":true,"href":"https:\/\/kysearo.com\/es\/wp-json\/wp\/v2\/comments?post=4877"}],"version-history":[{"count":18,"href":"https:\/\/kysearo.com\/es\/wp-json\/wp\/v2\/pages\/4877\/revisions"}],"predecessor-version":[{"id":5808,"href":"https:\/\/kysearo.com\/es\/wp-json\/wp\/v2\/pages\/4877\/revisions\/5808"}],"wp:featuredmedia":[{"embeddable":true,"href":"https:\/\/kysearo.com\/es\/wp-json\/wp\/v2\/media\/5070"}],"wp:attachment":[{"href":"https:\/\/kysearo.com\/es\/wp-json\/wp\/v2\/media?parent=4877"}],"curies":[{"name":"wp","href":"https:\/\/api.w.org\/{rel}","templated":true}]}}