{"id":4847,"date":"2016-07-20T03:56:04","date_gmt":"2016-07-20T03:56:04","guid":{"rendered":"https:\/\/kysearo.com\/?page_id=4847"},"modified":"2025-07-10T06:17:03","modified_gmt":"2025-07-10T06:17:03","slug":"sistem-de-osmoza-inversa-pentru-apa-sarata","status":"publish","type":"page","link":"https:\/\/kysearo.com\/ro\/sistem-de-osmoza-inversa-pentru-apa-sarata\/","title":{"rendered":"How brackish water reverse osmosis system be produced"},"content":{"rendered":"<div class=\"fusion-fullwidth fullwidth-box fusion-builder-row-1 nonhundred-percent-fullwidth non-hundred-percent-height-scrolling\"  style='background-color: rgba(255,255,255,0);background-position: center center;background-repeat: no-repeat;padding-top:0px;padding-right:0px;padding-bottom:0px;padding-left:0px;'><div class=\"fusion-builder-row fusion-row\"><div  class=\"fusion-layout-column fusion_builder_column fusion_builder_column_1_1 fusion-builder-column-0 fusion-one-full fusion-column-first fusion-column-last 1_1\"  style='margin-top:0px;margin-bottom:0px;'><div class=\"fusion-column-wrapper\" style=\"padding: 0px 0px 0px 0px;background-position:left top;background-repeat:no-repeat;-webkit-background-size:cover;-moz-background-size:cover;-o-background-size:cover;background-size:cover;\"   data-bg-url=\"\"><div class=\"fusion-text\"><h3>Cum poate fi produs sistemul de osmoz\u0103 invers\u0103 pentru ap\u0103 salmastr\u0103?<\/h3>\n<p>In this video, it\u00a0shows all the steps\u00a0of manufacturing these two sets of brackish water reverse osmosis systems, from prepared the raw materials and accessories to completed installation, and then package, lastly delivery. If you still have some problems need to know, please no hesitate to <span style=\"color: #0000ff;\"><a style=\"color: #0000ff;\" href=\"https:\/\/kysearo.com\/ro\/contactati-ne\/\" target=\"_blank\" rel=\"noopener noreferrer\">contacta\u021bi-ne<\/a><\/span>.<\/p>\n<h3><iframe loading=\"lazy\" src=\"https:\/\/www.youtube.com\/embed\/p14RBN_HcP4\" width=\"440\" height=\"270\" frameborder=\"0\" allowfullscreen=\"allowfullscreen\"><\/iframe><\/h3>\n<h3>Introducere<\/h3>\n<p>The brackish water reverse osmosis system for irrigation was located in Cairo of Egypt, which was an orchard with 1000 acre area. Raw water was Nile river water. Our Egypt client adopted our brackish water RO system to produce fresh water for meeting his orchard irrigation need. The production capacity was totally 480 tonnages per day(20 T\/H).<\/p>\n<p>we were only responsible for the reverse osmosis system, excluding pretreatment. Due to the pretreatment was substandard, 6.67 SDI, which will cause membrane fouling too fast. In order to improve the pretreatment system, our technical engineer suggested increasing the filters to reduce the filtration flow from 35 m\/h to 8 m\/h, the effect was improved. And adding the alums to improve SDI as there was no PAC on site.<\/p>\n<h3>Installation On Site<\/h3>\n<\/div><div class=\"fusion-clearfix\"><\/div><\/div><\/div><\/div><\/div><div class=\"fusion-fullwidth fullwidth-box fusion-builder-row-2 nonhundred-percent-fullwidth non-hundred-percent-height-scrolling\"  style='background-color: rgba(255,255,255,0);background-position: center center;background-repeat: no-repeat;padding-top:0px;padding-right:0px;padding-bottom:0px;padding-left:0px;'><div class=\"fusion-builder-row fusion-row\"><div  class=\"fusion-layout-column fusion_builder_column fusion_builder_column_1_2 fusion-builder-column-1 fusion-one-half fusion-column-first 1_2\"  style='margin-top:0px;margin-bottom:20px;width:50%;width:calc(50% - ( ( 4% ) * 0.5 ) );margin-right: 4%;'><div class=\"fusion-column-wrapper\" style=\"padding: 0px 0px 0px 0px;background-position:left top;background-repeat:no-repeat;-webkit-background-size:cover;-moz-background-size:cover;-o-background-size:cover;background-size:cover;\"   data-bg-url=\"\"><span class=\"fusion-imageframe imageframe-none imageframe-1 hover-type-none\"><img loading=\"lazy\" decoding=\"async\" src=\"https:\/\/kysearo.com\/wp-content\/uploads\/2016\/07\/brackish-water-RO-system.jpg\" width=\"440\" height=\"268\" alt=\"brackish water RO system\" title=\"brackish water RO system\" class=\"img-responsive wp-image-4869\" srcset=\"https:\/\/kysearo.com\/wp-content\/uploads\/2016\/07\/brackish-water-RO-system-300x183.jpg 300w, https:\/\/kysearo.com\/wp-content\/uploads\/2016\/07\/brackish-water-RO-system.jpg 440w\" sizes=\"auto, (max-width: 440px) 100vw, 440px\" \/><\/span><div class=\"fusion-clearfix\"><\/div><\/div><\/div><div  class=\"fusion-layout-column fusion_builder_column fusion_builder_column_1_2 fusion-builder-column-2 fusion-one-half fusion-column-last 1_2\"  style='margin-top:0px;margin-bottom:20px;width:50%;width:calc(50% - ( ( 4% ) * 0.5 ) );'><div class=\"fusion-column-wrapper\" style=\"padding: 0px 0px 0px 0px;background-position:left top;background-repeat:no-repeat;-webkit-background-size:cover;-moz-background-size:cover;-o-background-size:cover;background-size:cover;\"   data-bg-url=\"\"><span class=\"fusion-imageframe imageframe-none imageframe-2 hover-type-none\"><img loading=\"lazy\" decoding=\"async\" src=\"https:\/\/kysearo.com\/wp-content\/uploads\/2016\/07\/brackish-water-desalination.jpg\" width=\"440\" height=\"268\" alt=\"desalinizarea apei salmastre\" title=\"desalinizarea apei salmastre\" class=\"img-responsive wp-image-4865\" srcset=\"https:\/\/kysearo.com\/wp-content\/uploads\/2016\/07\/brackish-water-desalination-300x183.jpg 300w, https:\/\/kysearo.com\/wp-content\/uploads\/2016\/07\/brackish-water-desalination.jpg 440w\" sizes=\"auto, (max-width: 440px) 100vw, 440px\" \/><\/span><div class=\"fusion-clearfix\"><\/div><\/div><\/div><\/div><\/div><style type=\"text\/css\">.fusion-fullwidth.fusion-builder-row-2 a:not(.fusion-button):not(.fusion-builder-module-control):not(.fusion-social-network-icon):not(.fb-icon-element):not(.fusion-countdown-link):not(.fusion-rollover-link):not(.fusion-rollover-gallery):not(.fusion-button-bar):not(.add_to_cart_button):not(.show_details_button):not(.product_type_external):not(.fusion-quick-view):not(.fusion-rollover-title-link):not(.fusion-breadcrumb-link) , .fusion-fullwidth.fusion-builder-row-2 a:not(.fusion-button):not(.fusion-builder-module-control):not(.fusion-social-network-icon):not(.fb-icon-element):not(.fusion-countdown-link):not(.fusion-rollover-link):not(.fusion-rollover-gallery):not(.fusion-button-bar):not(.add_to_cart_button):not(.show_details_button):not(.product_type_external):not(.fusion-quick-view):not(.fusion-rollover-title-link):not(.fusion-breadcrumb-link):before, .fusion-fullwidth.fusion-builder-row-2 a:not(.fusion-button):not(.fusion-builder-module-control):not(.fusion-social-network-icon):not(.fb-icon-element):not(.fusion-countdown-link):not(.fusion-rollover-link):not(.fusion-rollover-gallery):not(.fusion-button-bar):not(.add_to_cart_button):not(.show_details_button):not(.product_type_external):not(.fusion-quick-view):not(.fusion-rollover-title-link):not(.fusion-breadcrumb-link):after {color: #212934;}.fusion-fullwidth.fusion-builder-row-2 a:not(.fusion-button):not(.fusion-builder-module-control):not(.fusion-social-network-icon):not(.fb-icon-element):not(.fusion-countdown-link):not(.fusion-rollover-link):not(.fusion-rollover-gallery):not(.fusion-button-bar):not(.add_to_cart_button):not(.show_details_button):not(.product_type_external):not(.fusion-quick-view):not(.fusion-rollover-title-link):not(.fusion-breadcrumb-link):hover, .fusion-fullwidth.fusion-builder-row-2 a:not(.fusion-button):not(.fusion-builder-module-control):not(.fusion-social-network-icon):not(.fb-icon-element):not(.fusion-countdown-link):not(.fusion-rollover-link):not(.fusion-rollover-gallery):not(.fusion-button-bar):not(.add_to_cart_button):not(.show_details_button):not(.product_type_external):not(.fusion-quick-view):not(.fusion-rollover-title-link):not(.fusion-breadcrumb-link):hover:before, .fusion-fullwidth.fusion-builder-row-2 a:not(.fusion-button):not(.fusion-builder-module-control):not(.fusion-social-network-icon):not(.fb-icon-element):not(.fusion-countdown-link):not(.fusion-rollover-link):not(.fusion-rollover-gallery):not(.fusion-button-bar):not(.add_to_cart_button):not(.show_details_button):not(.product_type_external):not(.fusion-quick-view):not(.fusion-rollover-title-link):not(.fusion-breadcrumb-link):hover:after {color: #00a2ea;}.fusion-fullwidth.fusion-builder-row-2 .pagination a.inactive:hover, .fusion-fullwidth.fusion-builder-row-2 .fusion-filters .fusion-filter.fusion-active a {border-color: #00a2ea;}.fusion-fullwidth.fusion-builder-row-2 .pagination .current {border-color: #00a2ea; background-color: #00a2ea;}.fusion-fullwidth.fusion-builder-row-2 .fusion-filters .fusion-filter.fusion-active a, .fusion-fullwidth.fusion-builder-row-2 .fusion-date-and-formats .fusion-format-box, .fusion-fullwidth.fusion-builder-row-2 .fusion-popover, .fusion-fullwidth.fusion-builder-row-2 .tooltip-shortcode {color: #00a2ea;}#main .fusion-fullwidth.fusion-builder-row-2 .post .blog-shortcode-post-title a:hover {color: #00a2ea;}<\/style><div class=\"fusion-fullwidth fullwidth-box fusion-builder-row-3 nonhundred-percent-fullwidth non-hundred-percent-height-scrolling\"  style='background-color: rgba(255,255,255,0);background-position: center center;background-repeat: no-repeat;padding-top:0px;padding-right:0px;padding-bottom:0px;padding-left:0px;'><div class=\"fusion-builder-row fusion-row\"><div  class=\"fusion-layout-column fusion_builder_column fusion_builder_column_1_1 fusion-builder-column-3 fusion-one-full fusion-column-first fusion-column-last 1_1\"  style='margin-top:0px;margin-bottom:20px;'><div class=\"fusion-column-wrapper\" style=\"padding: 0px 0px 0px 0px;background-position:left top;background-repeat:no-repeat;-webkit-background-size:cover;-moz-background-size:cover;-o-background-size:cover;background-size:cover;\"   data-bg-url=\"\"><div class=\"fusion-text\"><p><a href=\"https:\/\/kysearo.com\/ro\/contactati-ne\/\"><span style=\"color: #3366ff;\">Tell us here<\/span><\/a>, we promise\u00a0design perfect water treatment solution for you.<\/p>\n<\/div><div class=\"fusion-clearfix\"><\/div><\/div><\/div><\/div><\/div><style type=\"text\/css\">.fusion-fullwidth.fusion-builder-row-3 a:not(.fusion-button):not(.fusion-builder-module-control):not(.fusion-social-network-icon):not(.fb-icon-element):not(.fusion-countdown-link):not(.fusion-rollover-link):not(.fusion-rollover-gallery):not(.fusion-button-bar):not(.add_to_cart_button):not(.show_details_button):not(.product_type_external):not(.fusion-quick-view):not(.fusion-rollover-title-link):not(.fusion-breadcrumb-link) , .fusion-fullwidth.fusion-builder-row-3 a:not(.fusion-button):not(.fusion-builder-module-control):not(.fusion-social-network-icon):not(.fb-icon-element):not(.fusion-countdown-link):not(.fusion-rollover-link):not(.fusion-rollover-gallery):not(.fusion-button-bar):not(.add_to_cart_button):not(.show_details_button):not(.product_type_external):not(.fusion-quick-view):not(.fusion-rollover-title-link):not(.fusion-breadcrumb-link):before, .fusion-fullwidth.fusion-builder-row-3 a:not(.fusion-button):not(.fusion-builder-module-control):not(.fusion-social-network-icon):not(.fb-icon-element):not(.fusion-countdown-link):not(.fusion-rollover-link):not(.fusion-rollover-gallery):not(.fusion-button-bar):not(.add_to_cart_button):not(.show_details_button):not(.product_type_external):not(.fusion-quick-view):not(.fusion-rollover-title-link):not(.fusion-breadcrumb-link):after {color: #212934;}.fusion-fullwidth.fusion-builder-row-3 a:not(.fusion-button):not(.fusion-builder-module-control):not(.fusion-social-network-icon):not(.fb-icon-element):not(.fusion-countdown-link):not(.fusion-rollover-link):not(.fusion-rollover-gallery):not(.fusion-button-bar):not(.add_to_cart_button):not(.show_details_button):not(.product_type_external):not(.fusion-quick-view):not(.fusion-rollover-title-link):not(.fusion-breadcrumb-link):hover, .fusion-fullwidth.fusion-builder-row-3 a:not(.fusion-button):not(.fusion-builder-module-control):not(.fusion-social-network-icon):not(.fb-icon-element):not(.fusion-countdown-link):not(.fusion-rollover-link):not(.fusion-rollover-gallery):not(.fusion-button-bar):not(.add_to_cart_button):not(.show_details_button):not(.product_type_external):not(.fusion-quick-view):not(.fusion-rollover-title-link):not(.fusion-breadcrumb-link):hover:before, .fusion-fullwidth.fusion-builder-row-3 a:not(.fusion-button):not(.fusion-builder-module-control):not(.fusion-social-network-icon):not(.fb-icon-element):not(.fusion-countdown-link):not(.fusion-rollover-link):not(.fusion-rollover-gallery):not(.fusion-button-bar):not(.add_to_cart_button):not(.show_details_button):not(.product_type_external):not(.fusion-quick-view):not(.fusion-rollover-title-link):not(.fusion-breadcrumb-link):hover:after {color: #00a2ea;}.fusion-fullwidth.fusion-builder-row-3 .pagination a.inactive:hover, .fusion-fullwidth.fusion-builder-row-3 .fusion-filters .fusion-filter.fusion-active a {border-color: #00a2ea;}.fusion-fullwidth.fusion-builder-row-3 .pagination .current {border-color: #00a2ea; background-color: #00a2ea;}.fusion-fullwidth.fusion-builder-row-3 .fusion-filters .fusion-filter.fusion-active a, .fusion-fullwidth.fusion-builder-row-3 .fusion-date-and-formats .fusion-format-box, .fusion-fullwidth.fusion-builder-row-3 .fusion-popover, .fusion-fullwidth.fusion-builder-row-3 .tooltip-shortcode {color: #00a2ea;}#main .fusion-fullwidth.fusion-builder-row-3 .post .blog-shortcode-post-title a:hover {color: #00a2ea;}<\/style><\/p>","protected":false},"excerpt":{"rendered":"How brackish water reverse osmosis system be produced? In this [...]","protected":false},"author":1,"featured_media":4647,"parent":0,"menu_order":0,"comment_status":"closed","ping_status":"closed","template":"","meta":{"footnotes":""},"class_list":["post-4847","page","type-page","status-publish","has-post-thumbnail","hentry"],"yoast_head":"<!-- This site is optimized with the Yoast SEO plugin v26.5 - https:\/\/yoast.com\/wordpress\/plugins\/seo\/ -->\n<title>How brackish water reverse osmosis system be produced - Kangyang seawater desalination equipment Co.,ltd<\/title>\n<meta name=\"robots\" content=\"index, follow, max-snippet:-1, max-image-preview:large, max-video-preview:-1\" \/>\n<link rel=\"canonical\" href=\"https:\/\/kysearo.com\/ro\/sistem-de-osmoza-inversa-pentru-apa-sarata\/\" \/>\n<meta property=\"og:locale\" content=\"ro_RO\" \/>\n<meta property=\"og:type\" content=\"article\" \/>\n<meta property=\"og:title\" content=\"How brackish water reverse osmosis system be produced - Kangyang seawater desalination equipment Co.,ltd\" \/>\n<meta property=\"og:url\" content=\"https:\/\/kysearo.com\/ro\/sistem-de-osmoza-inversa-pentru-apa-sarata\/\" \/>\n<meta property=\"og:site_name\" content=\"Kangyang seawater desalination equipment Co.,ltd\" \/>\n<meta property=\"article:modified_time\" content=\"2025-07-10T06:17:03+00:00\" \/>\n<meta property=\"og:image\" content=\"https:\/\/kysearo.com\/wp-content\/uploads\/2016\/03\/desalination-for-irrigation.jpg\" \/>\n\t<meta property=\"og:image:width\" content=\"847\" \/>\n\t<meta property=\"og:image:height\" content=\"459\" \/>\n\t<meta property=\"og:image:type\" content=\"image\/jpeg\" \/>\n<meta name=\"twitter:label1\" content=\"Timp estimat pentru citire\" \/>\n\t<meta name=\"twitter:data1\" content=\"4 minute\" \/>\n<script type=\"application\/ld+json\" class=\"yoast-schema-graph\">{\"@context\":\"https:\/\/schema.org\",\"@graph\":[{\"@type\":\"WebPage\",\"@id\":\"https:\/\/kysearo.com\/brackish-water-reverse-osmosis-system\/\",\"url\":\"https:\/\/kysearo.com\/brackish-water-reverse-osmosis-system\/\",\"name\":\"How brackish water reverse osmosis system be produced - Kangyang seawater desalination equipment Co.,ltd\",\"isPartOf\":{\"@id\":\"https:\/\/kysearo.com\/#website\"},\"primaryImageOfPage\":{\"@id\":\"https:\/\/kysearo.com\/brackish-water-reverse-osmosis-system\/#primaryimage\"},\"image\":{\"@id\":\"https:\/\/kysearo.com\/brackish-water-reverse-osmosis-system\/#primaryimage\"},\"thumbnailUrl\":\"https:\/\/kysearo.com\/wp-content\/uploads\/2016\/03\/desalination-for-irrigation.jpg\",\"datePublished\":\"2016-07-20T03:56:04+00:00\",\"dateModified\":\"2025-07-10T06:17:03+00:00\",\"breadcrumb\":{\"@id\":\"https:\/\/kysearo.com\/brackish-water-reverse-osmosis-system\/#breadcrumb\"},\"inLanguage\":\"ro-RO\",\"potentialAction\":[{\"@type\":\"ReadAction\",\"target\":[\"https:\/\/kysearo.com\/brackish-water-reverse-osmosis-system\/\"]}]},{\"@type\":\"ImageObject\",\"inLanguage\":\"ro-RO\",\"@id\":\"https:\/\/kysearo.com\/brackish-water-reverse-osmosis-system\/#primaryimage\",\"url\":\"https:\/\/kysearo.com\/wp-content\/uploads\/2016\/03\/desalination-for-irrigation.jpg\",\"contentUrl\":\"https:\/\/kysearo.com\/wp-content\/uploads\/2016\/03\/desalination-for-irrigation.jpg\",\"width\":847,\"height\":459,\"caption\":\"1000 TPD Brackish Water Desalination Plant in Egypt\"},{\"@type\":\"BreadcrumbList\",\"@id\":\"https:\/\/kysearo.com\/brackish-water-reverse-osmosis-system\/#breadcrumb\",\"itemListElement\":[{\"@type\":\"ListItem\",\"position\":1,\"name\":\"Home\",\"item\":\"https:\/\/kysearo.com\/\"},{\"@type\":\"ListItem\",\"position\":2,\"name\":\"How brackish water reverse osmosis system be produced\"}]},{\"@type\":\"WebSite\",\"@id\":\"https:\/\/kysearo.com\/#website\",\"url\":\"https:\/\/kysearo.com\/\",\"name\":\"Kangyang seawater desalination equipment Co.,ltd\",\"description\":\"Reverse osmosis system,Seawater desalination plant manufacturer\",\"publisher\":{\"@id\":\"https:\/\/kysearo.com\/#organization\"},\"potentialAction\":[{\"@type\":\"SearchAction\",\"target\":{\"@type\":\"EntryPoint\",\"urlTemplate\":\"https:\/\/kysearo.com\/?s={search_term_string}\"},\"query-input\":{\"@type\":\"PropertyValueSpecification\",\"valueRequired\":true,\"valueName\":\"search_term_string\"}}],\"inLanguage\":\"ro-RO\"},{\"@type\":\"Organization\",\"@id\":\"https:\/\/kysearo.com\/#organization\",\"name\":\"Kangyang seawater desalination equipment Co.,ltd\",\"url\":\"https:\/\/kysearo.com\/\",\"logo\":{\"@type\":\"ImageObject\",\"inLanguage\":\"ro-RO\",\"@id\":\"https:\/\/kysearo.com\/#\/schema\/logo\/image\/\",\"url\":\"https:\/\/kysearo.com\/wp-content\/uploads\/2020\/04\/kysearo-logo.jpg\",\"contentUrl\":\"https:\/\/kysearo.com\/wp-content\/uploads\/2020\/04\/kysearo-logo.jpg\",\"width\":80,\"height\":80,\"caption\":\"Kangyang seawater desalination equipment Co.,ltd\"},\"image\":{\"@id\":\"https:\/\/kysearo.com\/#\/schema\/logo\/image\/\"}}]}<\/script>\n<!-- \/ Yoast SEO plugin. -->","yoast_head_json":{"title":"Cum se produce sistemul de osmoz\u0103 invers\u0103 pentru ap\u0103 s\u0103rat\u0103 - Kangyang seawater desalination equipment Co., ltd","robots":{"index":"index","follow":"follow","max-snippet":"max-snippet:-1","max-image-preview":"max-image-preview:large","max-video-preview":"max-video-preview:-1"},"canonical":"https:\/\/kysearo.com\/ro\/sistem-de-osmoza-inversa-pentru-apa-sarata\/","og_locale":"ro_RO","og_type":"article","og_title":"How brackish water reverse osmosis system be produced - Kangyang seawater desalination equipment Co.,ltd","og_url":"https:\/\/kysearo.com\/ro\/sistem-de-osmoza-inversa-pentru-apa-sarata\/","og_site_name":"Kangyang seawater desalination equipment Co.,ltd","article_modified_time":"2025-07-10T06:17:03+00:00","og_image":[{"width":847,"height":459,"url":"https:\/\/kysearo.com\/wp-content\/uploads\/2016\/03\/desalination-for-irrigation.jpg","type":"image\/jpeg"}],"twitter_misc":{"Timp estimat pentru citire":"4 minute"},"schema":{"@context":"https:\/\/schema.org","@graph":[{"@type":"WebPage","@id":"https:\/\/kysearo.com\/brackish-water-reverse-osmosis-system\/","url":"https:\/\/kysearo.com\/brackish-water-reverse-osmosis-system\/","name":"Cum se produce sistemul de osmoz\u0103 invers\u0103 pentru ap\u0103 s\u0103rat\u0103 - Kangyang seawater desalination equipment Co., ltd","isPartOf":{"@id":"https:\/\/kysearo.com\/#website"},"primaryImageOfPage":{"@id":"https:\/\/kysearo.com\/brackish-water-reverse-osmosis-system\/#primaryimage"},"image":{"@id":"https:\/\/kysearo.com\/brackish-water-reverse-osmosis-system\/#primaryimage"},"thumbnailUrl":"https:\/\/kysearo.com\/wp-content\/uploads\/2016\/03\/desalination-for-irrigation.jpg","datePublished":"2016-07-20T03:56:04+00:00","dateModified":"2025-07-10T06:17:03+00:00","breadcrumb":{"@id":"https:\/\/kysearo.com\/brackish-water-reverse-osmosis-system\/#breadcrumb"},"inLanguage":"ro-RO","potentialAction":[{"@type":"ReadAction","target":["https:\/\/kysearo.com\/brackish-water-reverse-osmosis-system\/"]}]},{"@type":"ImageObject","inLanguage":"ro-RO","@id":"https:\/\/kysearo.com\/brackish-water-reverse-osmosis-system\/#primaryimage","url":"https:\/\/kysearo.com\/wp-content\/uploads\/2016\/03\/desalination-for-irrigation.jpg","contentUrl":"https:\/\/kysearo.com\/wp-content\/uploads\/2016\/03\/desalination-for-irrigation.jpg","width":847,"height":459,"caption":"1000 TPD Brackish Water Desalination Plant in Egypt"},{"@type":"BreadcrumbList","@id":"https:\/\/kysearo.com\/brackish-water-reverse-osmosis-system\/#breadcrumb","itemListElement":[{"@type":"ListItem","position":1,"name":"Home","item":"https:\/\/kysearo.com\/"},{"@type":"ListItem","position":2,"name":"How brackish water reverse osmosis system be produced"}]},{"@type":"WebSite","@id":"https:\/\/kysearo.com\/#website","url":"https:\/\/kysearo.com\/","name":"Kangyang echipament de desalinizare a apei de mare Co., ltd","description":"Sistem de osmoz\u0103 invers\u0103, produc\u0103tor de instala\u021bii de desalinizare a apei de mare","publisher":{"@id":"https:\/\/kysearo.com\/#organization"},"potentialAction":[{"@type":"SearchAction","target":{"@type":"EntryPoint","urlTemplate":"https:\/\/kysearo.com\/?s={search_term_string}"},"query-input":{"@type":"PropertyValueSpecification","valueRequired":true,"valueName":"search_term_string"}}],"inLanguage":"ro-RO"},{"@type":"Organization","@id":"https:\/\/kysearo.com\/#organization","name":"Kangyang echipament de desalinizare a apei de mare Co., ltd","url":"https:\/\/kysearo.com\/","logo":{"@type":"ImageObject","inLanguage":"ro-RO","@id":"https:\/\/kysearo.com\/#\/schema\/logo\/image\/","url":"https:\/\/kysearo.com\/wp-content\/uploads\/2020\/04\/kysearo-logo.jpg","contentUrl":"https:\/\/kysearo.com\/wp-content\/uploads\/2020\/04\/kysearo-logo.jpg","width":80,"height":80,"caption":"Kangyang seawater desalination equipment Co.,ltd"},"image":{"@id":"https:\/\/kysearo.com\/#\/schema\/logo\/image\/"}}]}},"_links":{"self":[{"href":"https:\/\/kysearo.com\/ro\/wp-json\/wp\/v2\/pages\/4847","targetHints":{"allow":["GET"]}}],"collection":[{"href":"https:\/\/kysearo.com\/ro\/wp-json\/wp\/v2\/pages"}],"about":[{"href":"https:\/\/kysearo.com\/ro\/wp-json\/wp\/v2\/types\/page"}],"author":[{"embeddable":true,"href":"https:\/\/kysearo.com\/ro\/wp-json\/wp\/v2\/users\/1"}],"replies":[{"embeddable":true,"href":"https:\/\/kysearo.com\/ro\/wp-json\/wp\/v2\/comments?post=4847"}],"version-history":[{"count":22,"href":"https:\/\/kysearo.com\/ro\/wp-json\/wp\/v2\/pages\/4847\/revisions"}],"predecessor-version":[{"id":6449,"href":"https:\/\/kysearo.com\/ro\/wp-json\/wp\/v2\/pages\/4847\/revisions\/6449"}],"wp:featuredmedia":[{"embeddable":true,"href":"https:\/\/kysearo.com\/ro\/wp-json\/wp\/v2\/media\/4647"}],"wp:attachment":[{"href":"https:\/\/kysearo.com\/ro\/wp-json\/wp\/v2\/media?parent=4847"}],"curies":[{"name":"wp","href":"https:\/\/api.w.org\/{rel}","templated":true}]}}