{"id":4877,"date":"2016-07-21T08:04:01","date_gmt":"2016-07-21T08:04:01","guid":{"rendered":"https:\/\/kysearo.com\/?page_id=4877"},"modified":"2025-07-21T06:47:43","modified_gmt":"2025-07-21T06:47:43","slug":"sistem-de-desalinizare-containerizat","status":"publish","type":"page","link":"https:\/\/kysearo.com\/ro\/sistem-de-desalinizare-containerizat\/","title":{"rendered":"Sistem de desalinizare containerizat"},"content":{"rendered":"<div class=\"fusion-fullwidth fullwidth-box fusion-builder-row-1 nonhundred-percent-fullwidth non-hundred-percent-height-scrolling\"  style='background-color: rgba(255,255,255,0);background-position: center center;background-repeat: no-repeat;padding-top:0px;padding-right:0px;padding-bottom:0px;padding-left:0px;'><div class=\"fusion-builder-row fusion-row\"><div  class=\"fusion-layout-column fusion_builder_column fusion_builder_column_1_1 fusion-builder-column-0 fusion-one-full fusion-column-first fusion-column-last 1_1\"  style='margin-top:0px;margin-bottom:0px;'><div class=\"fusion-column-wrapper\" style=\"padding: 0px 0px 0px 0px;background-position:left top;background-repeat:no-repeat;-webkit-background-size:cover;-moz-background-size:cover;-o-background-size:cover;background-size:cover;\"   data-bg-url=\"\"><div class=\"fusion-text\"><h2>100 TPD Containerized Desalination System of Groundwater<\/h2>\n<p>Capacitatea de ap\u0103 a produsului: 100 TPD<\/p>\n<p>Ap\u0103 brut\u0103: Ap\u0103 subteran\u0103 cu TDS de 6000 ppm<\/p>\n<p>Utilizarea apei de produs: consumul de ap\u0103 menajer\u0103, cum ar fi g\u0103titul, \u00eemb\u0103ierea \u0219i b\u0103utura dup\u0103 fierbere<\/p>\n<p>Loca\u021bia proiectului: xx Tabere militare \u00een Juba din Republica Sudanul de Sud<\/p>\n<h3>Introducere<\/h3>\n<p>Munca de asamblare \u00een atelierul nostru a \u00eenceput \u00een martie 2016 \u0219i s-a \u00eencheiat \u00een aprilie. \u00cen conformitate cu cerin\u021bele clientului, toate componentele \u0219i dispozitivele au fost instalate bine \u00eentr-un container de 40 de picioare \u00eenainte de livrare. \u00cen plus, lucr\u0103rile necesare de punere \u00een func\u021biune au fost efectuate \u00een atelierul nostru. Acesta apar\u021bine proiectului \"la cheie\", ceea ce \u00eenseamn\u0103 c\u0103 instala\u021bia de desalinizare poate func\u021biona imediat dup\u0103 conectarea la ap\u0103 \u0219i energie \u0219i dup\u0103 un ghid de operare simplu.<\/p>\n<p>Principalele procese tehnice: Rezervor de ap\u0103 brut\u0103 - Filtrare pe nisip - Filtrare pe c\u0103rbune activat - Sistem de osmoz\u0103 invers\u0103 - Sistem de alimentare cu ap\u0103<\/p>\n<h3>Stare de func\u021bionare:<\/h3>\n<p>The plant arrived at the site in April of 2016. After a preliminary water source and power connection, the desalination plant started operation. During nearly 3 months operation, we get some feedback from customer: the raw water quality varies and dynamic change in TDS. Owing to our engineers rich experience about brackish water desalination, the designed system can bear the various change of water quality in a degree, which made an deep impression on our customer. And till now, it performs pretty good, and we are glad to hear that our product offered a good solution for the customer requirement. This containerized desalination system to convert ground well water to fresh water.<\/p>\n<\/div><div class=\"fusion-clearfix\"><\/div><\/div><\/div><\/div><\/div>","protected":false},"excerpt":{"rendered":"100 TPD Containerized Desalination System of Groundwater Product water capacity: [...]","protected":false},"author":1,"featured_media":5070,"parent":0,"menu_order":0,"comment_status":"closed","ping_status":"closed","template":"","meta":{"footnotes":""},"class_list":["post-4877","page","type-page","status-publish","has-post-thumbnail","hentry"],"yoast_head":"<!-- This site is optimized with the Yoast SEO plugin v26.5 - https:\/\/yoast.com\/wordpress\/plugins\/seo\/ -->\n<title>100 TPD Containerized Desalination System | KYSEARO<\/title>\n<meta name=\"description\" content=\"Containerized desalination system was manufactured for South Sudan customer, it can produce 5 tons per hour fresh water for local residents domestic using.\" \/>\n<meta name=\"robots\" content=\"index, follow, max-snippet:-1, max-image-preview:large, max-video-preview:-1\" \/>\n<link rel=\"canonical\" href=\"https:\/\/kysearo.com\/ro\/sistem-de-desalinizare-containerizat\/\" \/>\n<meta property=\"og:locale\" content=\"ro_RO\" \/>\n<meta property=\"og:type\" content=\"article\" \/>\n<meta property=\"og:title\" content=\"100 TPD Containerized Desalination System | KYSEARO\" \/>\n<meta property=\"og:description\" content=\"Containerized desalination system was manufactured for South Sudan customer, it can produce 5 tons per hour fresh water for local residents domestic using.\" \/>\n<meta property=\"og:url\" content=\"https:\/\/kysearo.com\/ro\/sistem-de-desalinizare-containerizat\/\" \/>\n<meta property=\"og:site_name\" content=\"Kangyang seawater desalination equipment Co.,ltd\" \/>\n<meta property=\"article:modified_time\" content=\"2025-07-21T06:47:43+00:00\" \/>\n<meta property=\"og:image\" content=\"https:\/\/kysearo.com\/wp-content\/uploads\/2017\/08\/containerized-seawater-desalination-.png\" \/>\n\t<meta property=\"og:image:width\" content=\"1920\" \/>\n\t<meta property=\"og:image:height\" content=\"1080\" \/>\n\t<meta property=\"og:image:type\" content=\"image\/png\" \/>\n<meta name=\"twitter:label1\" content=\"Timp estimat pentru citire\" \/>\n\t<meta name=\"twitter:data1\" content=\"3 minute\" \/>\n<script type=\"application\/ld+json\" class=\"yoast-schema-graph\">{\"@context\":\"https:\/\/schema.org\",\"@graph\":[{\"@type\":\"WebPage\",\"@id\":\"https:\/\/kysearo.com\/containerized-desalination-system\/\",\"url\":\"https:\/\/kysearo.com\/containerized-desalination-system\/\",\"name\":\"100 TPD Containerized Desalination System | KYSEARO\",\"isPartOf\":{\"@id\":\"https:\/\/kysearo.com\/#website\"},\"primaryImageOfPage\":{\"@id\":\"https:\/\/kysearo.com\/containerized-desalination-system\/#primaryimage\"},\"image\":{\"@id\":\"https:\/\/kysearo.com\/containerized-desalination-system\/#primaryimage\"},\"thumbnailUrl\":\"https:\/\/kysearo.com\/wp-content\/uploads\/2017\/08\/containerized-seawater-desalination-.png\",\"datePublished\":\"2016-07-21T08:04:01+00:00\",\"dateModified\":\"2025-07-21T06:47:43+00:00\",\"description\":\"Containerized desalination system was manufactured for South Sudan customer, it can produce 5 tons per hour fresh water for local residents domestic using.\",\"breadcrumb\":{\"@id\":\"https:\/\/kysearo.com\/containerized-desalination-system\/#breadcrumb\"},\"inLanguage\":\"ro-RO\",\"potentialAction\":[{\"@type\":\"ReadAction\",\"target\":[\"https:\/\/kysearo.com\/containerized-desalination-system\/\"]}]},{\"@type\":\"ImageObject\",\"inLanguage\":\"ro-RO\",\"@id\":\"https:\/\/kysearo.com\/containerized-desalination-system\/#primaryimage\",\"url\":\"https:\/\/kysearo.com\/wp-content\/uploads\/2017\/08\/containerized-seawater-desalination-.png\",\"contentUrl\":\"https:\/\/kysearo.com\/wp-content\/uploads\/2017\/08\/containerized-seawater-desalination-.png\",\"width\":1920,\"height\":1080},{\"@type\":\"BreadcrumbList\",\"@id\":\"https:\/\/kysearo.com\/containerized-desalination-system\/#breadcrumb\",\"itemListElement\":[{\"@type\":\"ListItem\",\"position\":1,\"name\":\"Home\",\"item\":\"https:\/\/kysearo.com\/\"},{\"@type\":\"ListItem\",\"position\":2,\"name\":\"Containerized Desalination System\"}]},{\"@type\":\"WebSite\",\"@id\":\"https:\/\/kysearo.com\/#website\",\"url\":\"https:\/\/kysearo.com\/\",\"name\":\"Kangyang seawater desalination equipment Co.,ltd\",\"description\":\"Reverse osmosis system,Seawater desalination plant manufacturer\",\"publisher\":{\"@id\":\"https:\/\/kysearo.com\/#organization\"},\"potentialAction\":[{\"@type\":\"SearchAction\",\"target\":{\"@type\":\"EntryPoint\",\"urlTemplate\":\"https:\/\/kysearo.com\/?s={search_term_string}\"},\"query-input\":{\"@type\":\"PropertyValueSpecification\",\"valueRequired\":true,\"valueName\":\"search_term_string\"}}],\"inLanguage\":\"ro-RO\"},{\"@type\":\"Organization\",\"@id\":\"https:\/\/kysearo.com\/#organization\",\"name\":\"Kangyang seawater desalination equipment Co.,ltd\",\"url\":\"https:\/\/kysearo.com\/\",\"logo\":{\"@type\":\"ImageObject\",\"inLanguage\":\"ro-RO\",\"@id\":\"https:\/\/kysearo.com\/#\/schema\/logo\/image\/\",\"url\":\"https:\/\/kysearo.com\/wp-content\/uploads\/2020\/04\/kysearo-logo.jpg\",\"contentUrl\":\"https:\/\/kysearo.com\/wp-content\/uploads\/2020\/04\/kysearo-logo.jpg\",\"width\":80,\"height\":80,\"caption\":\"Kangyang seawater desalination equipment Co.,ltd\"},\"image\":{\"@id\":\"https:\/\/kysearo.com\/#\/schema\/logo\/image\/\"}}]}<\/script>\n<!-- \/ Yoast SEO plugin. -->","yoast_head_json":{"title":"Sistem de desalinizare containerizat de 100 TPD | KYSEARO","description":"Sistemul de desalinizare containerizat a fost fabricat pentru un client din Sudanul de Sud \u0219i poate produce 5 tone pe or\u0103 de ap\u0103 dulce pentru uzul casnic al locuitorilor.","robots":{"index":"index","follow":"follow","max-snippet":"max-snippet:-1","max-image-preview":"max-image-preview:large","max-video-preview":"max-video-preview:-1"},"canonical":"https:\/\/kysearo.com\/ro\/sistem-de-desalinizare-containerizat\/","og_locale":"ro_RO","og_type":"article","og_title":"100 TPD Containerized Desalination System | KYSEARO","og_description":"Containerized desalination system was manufactured for South Sudan customer, it can produce 5 tons per hour fresh water for local residents domestic using.","og_url":"https:\/\/kysearo.com\/ro\/sistem-de-desalinizare-containerizat\/","og_site_name":"Kangyang seawater desalination equipment Co.,ltd","article_modified_time":"2025-07-21T06:47:43+00:00","og_image":[{"width":1920,"height":1080,"url":"https:\/\/kysearo.com\/wp-content\/uploads\/2017\/08\/containerized-seawater-desalination-.png","type":"image\/png"}],"twitter_misc":{"Timp estimat pentru citire":"3 minute"},"schema":{"@context":"https:\/\/schema.org","@graph":[{"@type":"WebPage","@id":"https:\/\/kysearo.com\/containerized-desalination-system\/","url":"https:\/\/kysearo.com\/containerized-desalination-system\/","name":"Sistem de desalinizare containerizat de 100 TPD | KYSEARO","isPartOf":{"@id":"https:\/\/kysearo.com\/#website"},"primaryImageOfPage":{"@id":"https:\/\/kysearo.com\/containerized-desalination-system\/#primaryimage"},"image":{"@id":"https:\/\/kysearo.com\/containerized-desalination-system\/#primaryimage"},"thumbnailUrl":"https:\/\/kysearo.com\/wp-content\/uploads\/2017\/08\/containerized-seawater-desalination-.png","datePublished":"2016-07-21T08:04:01+00:00","dateModified":"2025-07-21T06:47:43+00:00","description":"Sistemul de desalinizare containerizat a fost fabricat pentru un client din Sudanul de Sud \u0219i poate produce 5 tone pe or\u0103 de ap\u0103 dulce pentru uzul casnic al locuitorilor.","breadcrumb":{"@id":"https:\/\/kysearo.com\/containerized-desalination-system\/#breadcrumb"},"inLanguage":"ro-RO","potentialAction":[{"@type":"ReadAction","target":["https:\/\/kysearo.com\/containerized-desalination-system\/"]}]},{"@type":"ImageObject","inLanguage":"ro-RO","@id":"https:\/\/kysearo.com\/containerized-desalination-system\/#primaryimage","url":"https:\/\/kysearo.com\/wp-content\/uploads\/2017\/08\/containerized-seawater-desalination-.png","contentUrl":"https:\/\/kysearo.com\/wp-content\/uploads\/2017\/08\/containerized-seawater-desalination-.png","width":1920,"height":1080},{"@type":"BreadcrumbList","@id":"https:\/\/kysearo.com\/containerized-desalination-system\/#breadcrumb","itemListElement":[{"@type":"ListItem","position":1,"name":"Home","item":"https:\/\/kysearo.com\/"},{"@type":"ListItem","position":2,"name":"Containerized Desalination System"}]},{"@type":"WebSite","@id":"https:\/\/kysearo.com\/#website","url":"https:\/\/kysearo.com\/","name":"Kangyang echipament de desalinizare a apei de mare Co., ltd","description":"Sistem de osmoz\u0103 invers\u0103, produc\u0103tor de instala\u021bii de desalinizare a apei de mare","publisher":{"@id":"https:\/\/kysearo.com\/#organization"},"potentialAction":[{"@type":"SearchAction","target":{"@type":"EntryPoint","urlTemplate":"https:\/\/kysearo.com\/?s={search_term_string}"},"query-input":{"@type":"PropertyValueSpecification","valueRequired":true,"valueName":"search_term_string"}}],"inLanguage":"ro-RO"},{"@type":"Organization","@id":"https:\/\/kysearo.com\/#organization","name":"Kangyang echipament de desalinizare a apei de mare Co., ltd","url":"https:\/\/kysearo.com\/","logo":{"@type":"ImageObject","inLanguage":"ro-RO","@id":"https:\/\/kysearo.com\/#\/schema\/logo\/image\/","url":"https:\/\/kysearo.com\/wp-content\/uploads\/2020\/04\/kysearo-logo.jpg","contentUrl":"https:\/\/kysearo.com\/wp-content\/uploads\/2020\/04\/kysearo-logo.jpg","width":80,"height":80,"caption":"Kangyang seawater desalination equipment Co.,ltd"},"image":{"@id":"https:\/\/kysearo.com\/#\/schema\/logo\/image\/"}}]}},"_links":{"self":[{"href":"https:\/\/kysearo.com\/ro\/wp-json\/wp\/v2\/pages\/4877","targetHints":{"allow":["GET"]}}],"collection":[{"href":"https:\/\/kysearo.com\/ro\/wp-json\/wp\/v2\/pages"}],"about":[{"href":"https:\/\/kysearo.com\/ro\/wp-json\/wp\/v2\/types\/page"}],"author":[{"embeddable":true,"href":"https:\/\/kysearo.com\/ro\/wp-json\/wp\/v2\/users\/1"}],"replies":[{"embeddable":true,"href":"https:\/\/kysearo.com\/ro\/wp-json\/wp\/v2\/comments?post=4877"}],"version-history":[{"count":18,"href":"https:\/\/kysearo.com\/ro\/wp-json\/wp\/v2\/pages\/4877\/revisions"}],"predecessor-version":[{"id":5808,"href":"https:\/\/kysearo.com\/ro\/wp-json\/wp\/v2\/pages\/4877\/revisions\/5808"}],"wp:featuredmedia":[{"embeddable":true,"href":"https:\/\/kysearo.com\/ro\/wp-json\/wp\/v2\/media\/5070"}],"wp:attachment":[{"href":"https:\/\/kysearo.com\/ro\/wp-json\/wp\/v2\/media?parent=4877"}],"curies":[{"name":"wp","href":"https:\/\/api.w.org\/{rel}","templated":true}]}}