{"id":4847,"date":"2016-07-20T03:56:04","date_gmt":"2016-07-20T03:56:04","guid":{"rendered":"https:\/\/kysearo.com\/?page_id=4847"},"modified":"2025-07-10T06:17:03","modified_gmt":"2025-07-10T06:17:03","slug":"aci-su-ters-osmoz-sistemi","status":"publish","type":"page","link":"https:\/\/kysearo.com\/tr\/aci-su-ters-osmoz-sistemi\/","title":{"rendered":"Ac\u0131 su ters osmoz sistemi nas\u0131l \u00fcretilir"},"content":{"rendered":"<div class=\"fusion-fullwidth fullwidth-box fusion-builder-row-1 nonhundred-percent-fullwidth non-hundred-percent-height-scrolling\"  style='background-color: rgba(255,255,255,0);background-position: center center;background-repeat: no-repeat;padding-top:0px;padding-right:0px;padding-bottom:0px;padding-left:0px;'><div class=\"fusion-builder-row fusion-row\"><div  class=\"fusion-layout-column fusion_builder_column fusion_builder_column_1_1 fusion-builder-column-0 fusion-one-full fusion-column-first fusion-column-last 1_1\"  style='margin-top:0px;margin-bottom:0px;'><div class=\"fusion-column-wrapper\" style=\"padding: 0px 0px 0px 0px;background-position:left top;background-repeat:no-repeat;-webkit-background-size:cover;-moz-background-size:cover;-o-background-size:cover;background-size:cover;\"   data-bg-url=\"\"><div class=\"fusion-text\"><h3>Ac\u0131 su ters osmoz sistemi nas\u0131l \u00fcretilir?<\/h3>\n<p>Bu videoda, hammadde ve aksesuarlar\u0131n haz\u0131rlanmas\u0131ndan kurulumun tamamlanmas\u0131na ve ard\u0131ndan paketlenmesine ve son olarak teslimata kadar bu iki set ac\u0131 su ters osmoz sisteminin \u00fcretiminin t\u00fcm ad\u0131mlar\u0131n\u0131 g\u00f6stermektedir. Hala bilmeniz gereken baz\u0131 sorunlar\u0131n\u0131z varsa, l\u00fctfen \u00e7ekinmeyin <span style=\"color: #0000ff;\"><a style=\"color: #0000ff;\" href=\"https:\/\/kysearo.com\/tr\/bize-ulasin\/\" target=\"_blank\" rel=\"noopener noreferrer\">Bize ula\u015f\u0131n<\/a><\/span>.<\/p>\n<h3><iframe loading=\"lazy\" src=\"https:\/\/www.youtube.com\/embed\/p14RBN_HcP4\" width=\"440\" height=\"270\" frameborder=\"0\" allowfullscreen=\"allowfullscreen\"><\/iframe><\/h3>\n<h3>Giri\u015f<\/h3>\n<p>Sulama i\u00e7in ac\u0131 su ters osmoz sistemi M\u0131s\u0131r'\u0131n Kahire kentinde 1000 d\u00f6n\u00fcml\u00fck bir meyve bah\u00e7esinde kurulmu\u015ftur. Ham su Nil nehri suyuydu. M\u0131s\u0131rl\u0131 m\u00fc\u015fterimiz, meyve bah\u00e7esi sulama ihtiyac\u0131n\u0131 kar\u015f\u0131lamak \u00fczere tatl\u0131 su \u00fcretmek i\u00e7in ac\u0131 su RO sistemimizi benimsedi. \u00dcretim kapasitesi g\u00fcnde toplam 480 tondu (20 T\/H).<\/p>\n<p>Biz sadece ters ozmoz sisteminden sorumluyduk, \u00f6n ar\u0131tma hari\u00e7. \u00d6n ar\u0131tma standartlar\u0131n alt\u0131ndayd\u0131, 6.67 SDI, bu da membran\u0131n \u00e7ok h\u0131zl\u0131 kirlenmesine neden olacakt\u0131. \u00d6n ar\u0131tma sistemini iyile\u015ftirmek i\u00e7in, teknik m\u00fchendisimiz filtrasyon ak\u0131\u015f\u0131n\u0131 35 m\/saatten 8 m\/saate d\u00fc\u015f\u00fcrmek i\u00e7in filtreleri art\u0131rmay\u0131 \u00f6nerdi, etki iyile\u015ftirildi. Ve sahada PAC olmad\u0131\u011f\u0131ndan SDI'yi iyile\u015ftirmek i\u00e7in al\u00fcmlerin eklenmesi.<\/p>\n<h3>Yerinde Kurulum<\/h3>\n<\/div><div class=\"fusion-clearfix\"><\/div><\/div><\/div><\/div><\/div><div class=\"fusion-fullwidth fullwidth-box fusion-builder-row-2 nonhundred-percent-fullwidth non-hundred-percent-height-scrolling\"  style='background-color: rgba(255,255,255,0);background-position: center center;background-repeat: no-repeat;padding-top:0px;padding-right:0px;padding-bottom:0px;padding-left:0px;'><div class=\"fusion-builder-row fusion-row\"><div  class=\"fusion-layout-column fusion_builder_column fusion_builder_column_1_2 fusion-builder-column-1 fusion-one-half fusion-column-first 1_2\"  style='margin-top:0px;margin-bottom:20px;width:50%;width:calc(50% - ( ( 4% ) * 0.5 ) );margin-right: 4%;'><div class=\"fusion-column-wrapper\" style=\"padding: 0px 0px 0px 0px;background-position:left top;background-repeat:no-repeat;-webkit-background-size:cover;-moz-background-size:cover;-o-background-size:cover;background-size:cover;\"   data-bg-url=\"\"><span class=\"fusion-imageframe imageframe-none imageframe-1 hover-type-none\"><img loading=\"lazy\" decoding=\"async\" src=\"https:\/\/kysearo.com\/wp-content\/uploads\/2016\/07\/brackish-water-RO-system.jpg\" width=\"440\" height=\"268\" alt=\"ac\u0131 su RO sistemi\" title=\"ac\u0131 su RO sistemi\" class=\"img-responsive wp-image-4869\" srcset=\"https:\/\/kysearo.com\/wp-content\/uploads\/2016\/07\/brackish-water-RO-system-300x183.jpg 300w, https:\/\/kysearo.com\/wp-content\/uploads\/2016\/07\/brackish-water-RO-system.jpg 440w\" sizes=\"auto, (max-width: 440px) 100vw, 440px\" \/><\/span><div class=\"fusion-clearfix\"><\/div><\/div><\/div><div  class=\"fusion-layout-column fusion_builder_column fusion_builder_column_1_2 fusion-builder-column-2 fusion-one-half fusion-column-last 1_2\"  style='margin-top:0px;margin-bottom:20px;width:50%;width:calc(50% - ( ( 4% ) * 0.5 ) );'><div class=\"fusion-column-wrapper\" style=\"padding: 0px 0px 0px 0px;background-position:left top;background-repeat:no-repeat;-webkit-background-size:cover;-moz-background-size:cover;-o-background-size:cover;background-size:cover;\"   data-bg-url=\"\"><span class=\"fusion-imageframe imageframe-none imageframe-2 hover-type-none\"><img loading=\"lazy\" decoding=\"async\" src=\"https:\/\/kysearo.com\/wp-content\/uploads\/2016\/07\/brackish-water-desalination.jpg\" width=\"440\" height=\"268\" alt=\"ac\u0131 su tuzdan ar\u0131nd\u0131rma\" title=\"ac\u0131 su tuzdan ar\u0131nd\u0131rma\" class=\"img-responsive wp-image-4865\" srcset=\"https:\/\/kysearo.com\/wp-content\/uploads\/2016\/07\/brackish-water-desalination-300x183.jpg 300w, https:\/\/kysearo.com\/wp-content\/uploads\/2016\/07\/brackish-water-desalination.jpg 440w\" sizes=\"auto, (max-width: 440px) 100vw, 440px\" \/><\/span><div class=\"fusion-clearfix\"><\/div><\/div><\/div><\/div><\/div><style type=\"text\/css\">.fusion-fullwidth.fusion-builder-row-2 a:not(.fusion-button):not(.fusion-builder-module-control):not(.fusion-social-network-icon):not(.fb-icon-element):not(.fusion-countdown-link):not(.fusion-rollover-link):not(.fusion-rollover-gallery):not(.fusion-button-bar):not(.add_to_cart_button):not(.show_details_button):not(.product_type_external):not(.fusion-quick-view):not(.fusion-rollover-title-link):not(.fusion-breadcrumb-link) , .fusion-fullwidth.fusion-builder-row-2 a:not(.fusion-button):not(.fusion-builder-module-control):not(.fusion-social-network-icon):not(.fb-icon-element):not(.fusion-countdown-link):not(.fusion-rollover-link):not(.fusion-rollover-gallery):not(.fusion-button-bar):not(.add_to_cart_button):not(.show_details_button):not(.product_type_external):not(.fusion-quick-view):not(.fusion-rollover-title-link):not(.fusion-breadcrumb-link):before, .fusion-fullwidth.fusion-builder-row-2 a:not(.fusion-button):not(.fusion-builder-module-control):not(.fusion-social-network-icon):not(.fb-icon-element):not(.fusion-countdown-link):not(.fusion-rollover-link):not(.fusion-rollover-gallery):not(.fusion-button-bar):not(.add_to_cart_button):not(.show_details_button):not(.product_type_external):not(.fusion-quick-view):not(.fusion-rollover-title-link):not(.fusion-breadcrumb-link):after {color: #212934;}.fusion-fullwidth.fusion-builder-row-2 a:not(.fusion-button):not(.fusion-builder-module-control):not(.fusion-social-network-icon):not(.fb-icon-element):not(.fusion-countdown-link):not(.fusion-rollover-link):not(.fusion-rollover-gallery):not(.fusion-button-bar):not(.add_to_cart_button):not(.show_details_button):not(.product_type_external):not(.fusion-quick-view):not(.fusion-rollover-title-link):not(.fusion-breadcrumb-link):hover, .fusion-fullwidth.fusion-builder-row-2 a:not(.fusion-button):not(.fusion-builder-module-control):not(.fusion-social-network-icon):not(.fb-icon-element):not(.fusion-countdown-link):not(.fusion-rollover-link):not(.fusion-rollover-gallery):not(.fusion-button-bar):not(.add_to_cart_button):not(.show_details_button):not(.product_type_external):not(.fusion-quick-view):not(.fusion-rollover-title-link):not(.fusion-breadcrumb-link):hover:before, .fusion-fullwidth.fusion-builder-row-2 a:not(.fusion-button):not(.fusion-builder-module-control):not(.fusion-social-network-icon):not(.fb-icon-element):not(.fusion-countdown-link):not(.fusion-rollover-link):not(.fusion-rollover-gallery):not(.fusion-button-bar):not(.add_to_cart_button):not(.show_details_button):not(.product_type_external):not(.fusion-quick-view):not(.fusion-rollover-title-link):not(.fusion-breadcrumb-link):hover:after {color: #00a2ea;}.fusion-fullwidth.fusion-builder-row-2 .pagination a.inactive:hover, .fusion-fullwidth.fusion-builder-row-2 .fusion-filters .fusion-filter.fusion-active a {border-color: #00a2ea;}.fusion-fullwidth.fusion-builder-row-2 .pagination .current {border-color: #00a2ea; background-color: #00a2ea;}.fusion-fullwidth.fusion-builder-row-2 .fusion-filters .fusion-filter.fusion-active a, .fusion-fullwidth.fusion-builder-row-2 .fusion-date-and-formats .fusion-format-box, .fusion-fullwidth.fusion-builder-row-2 .fusion-popover, .fusion-fullwidth.fusion-builder-row-2 .tooltip-shortcode {color: #00a2ea;}#main .fusion-fullwidth.fusion-builder-row-2 .post .blog-shortcode-post-title a:hover {color: #00a2ea;}<\/style><div class=\"fusion-fullwidth fullwidth-box fusion-builder-row-3 nonhundred-percent-fullwidth non-hundred-percent-height-scrolling\"  style='background-color: rgba(255,255,255,0);background-position: center center;background-repeat: no-repeat;padding-top:0px;padding-right:0px;padding-bottom:0px;padding-left:0px;'><div class=\"fusion-builder-row fusion-row\"><div  class=\"fusion-layout-column fusion_builder_column fusion_builder_column_1_1 fusion-builder-column-3 fusion-one-full fusion-column-first fusion-column-last 1_1\"  style='margin-top:0px;margin-bottom:20px;'><div class=\"fusion-column-wrapper\" style=\"padding: 0px 0px 0px 0px;background-position:left top;background-repeat:no-repeat;-webkit-background-size:cover;-moz-background-size:cover;-o-background-size:cover;background-size:cover;\"   data-bg-url=\"\"><div class=\"fusion-text\"><p><a href=\"https:\/\/kysearo.com\/tr\/bize-ulasin\/\"><span style=\"color: #3366ff;\">Bize buradan s\u00f6yleyin<\/span><\/a>Sizin i\u00e7in m\u00fckemmel bir su ar\u0131tma \u00e7\u00f6z\u00fcm\u00fc tasarlayaca\u011f\u0131m\u0131za s\u00f6z veriyoruz.<\/p>\n<\/div><div class=\"fusion-clearfix\"><\/div><\/div><\/div><\/div><\/div><style type=\"text\/css\">.fusion-fullwidth.fusion-builder-row-3 a:not(.fusion-button):not(.fusion-builder-module-control):not(.fusion-social-network-icon):not(.fb-icon-element):not(.fusion-countdown-link):not(.fusion-rollover-link):not(.fusion-rollover-gallery):not(.fusion-button-bar):not(.add_to_cart_button):not(.show_details_button):not(.product_type_external):not(.fusion-quick-view):not(.fusion-rollover-title-link):not(.fusion-breadcrumb-link) , .fusion-fullwidth.fusion-builder-row-3 a:not(.fusion-button):not(.fusion-builder-module-control):not(.fusion-social-network-icon):not(.fb-icon-element):not(.fusion-countdown-link):not(.fusion-rollover-link):not(.fusion-rollover-gallery):not(.fusion-button-bar):not(.add_to_cart_button):not(.show_details_button):not(.product_type_external):not(.fusion-quick-view):not(.fusion-rollover-title-link):not(.fusion-breadcrumb-link):before, .fusion-fullwidth.fusion-builder-row-3 a:not(.fusion-button):not(.fusion-builder-module-control):not(.fusion-social-network-icon):not(.fb-icon-element):not(.fusion-countdown-link):not(.fusion-rollover-link):not(.fusion-rollover-gallery):not(.fusion-button-bar):not(.add_to_cart_button):not(.show_details_button):not(.product_type_external):not(.fusion-quick-view):not(.fusion-rollover-title-link):not(.fusion-breadcrumb-link):after {color: #212934;}.fusion-fullwidth.fusion-builder-row-3 a:not(.fusion-button):not(.fusion-builder-module-control):not(.fusion-social-network-icon):not(.fb-icon-element):not(.fusion-countdown-link):not(.fusion-rollover-link):not(.fusion-rollover-gallery):not(.fusion-button-bar):not(.add_to_cart_button):not(.show_details_button):not(.product_type_external):not(.fusion-quick-view):not(.fusion-rollover-title-link):not(.fusion-breadcrumb-link):hover, .fusion-fullwidth.fusion-builder-row-3 a:not(.fusion-button):not(.fusion-builder-module-control):not(.fusion-social-network-icon):not(.fb-icon-element):not(.fusion-countdown-link):not(.fusion-rollover-link):not(.fusion-rollover-gallery):not(.fusion-button-bar):not(.add_to_cart_button):not(.show_details_button):not(.product_type_external):not(.fusion-quick-view):not(.fusion-rollover-title-link):not(.fusion-breadcrumb-link):hover:before, .fusion-fullwidth.fusion-builder-row-3 a:not(.fusion-button):not(.fusion-builder-module-control):not(.fusion-social-network-icon):not(.fb-icon-element):not(.fusion-countdown-link):not(.fusion-rollover-link):not(.fusion-rollover-gallery):not(.fusion-button-bar):not(.add_to_cart_button):not(.show_details_button):not(.product_type_external):not(.fusion-quick-view):not(.fusion-rollover-title-link):not(.fusion-breadcrumb-link):hover:after {color: #00a2ea;}.fusion-fullwidth.fusion-builder-row-3 .pagination a.inactive:hover, .fusion-fullwidth.fusion-builder-row-3 .fusion-filters .fusion-filter.fusion-active a {border-color: #00a2ea;}.fusion-fullwidth.fusion-builder-row-3 .pagination .current {border-color: #00a2ea; background-color: #00a2ea;}.fusion-fullwidth.fusion-builder-row-3 .fusion-filters .fusion-filter.fusion-active a, .fusion-fullwidth.fusion-builder-row-3 .fusion-date-and-formats .fusion-format-box, .fusion-fullwidth.fusion-builder-row-3 .fusion-popover, .fusion-fullwidth.fusion-builder-row-3 .tooltip-shortcode {color: #00a2ea;}#main .fusion-fullwidth.fusion-builder-row-3 .post .blog-shortcode-post-title a:hover {color: #00a2ea;}<\/style><\/p>","protected":false},"excerpt":{"rendered":"How brackish water reverse osmosis system be produced? In this [...]","protected":false},"author":1,"featured_media":4647,"parent":0,"menu_order":0,"comment_status":"closed","ping_status":"closed","template":"","meta":{"footnotes":""},"class_list":["post-4847","page","type-page","status-publish","has-post-thumbnail","hentry"],"yoast_head":"<!-- This site is optimized with the Yoast SEO plugin v26.5 - https:\/\/yoast.com\/wordpress\/plugins\/seo\/ -->\n<title>How brackish water reverse osmosis system be produced - Kangyang seawater desalination equipment Co.,ltd<\/title>\n<meta name=\"robots\" content=\"index, follow, max-snippet:-1, max-image-preview:large, max-video-preview:-1\" \/>\n<link rel=\"canonical\" href=\"https:\/\/kysearo.com\/tr\/aci-su-ters-osmoz-sistemi\/\" \/>\n<meta property=\"og:locale\" content=\"tr_TR\" \/>\n<meta property=\"og:type\" content=\"article\" \/>\n<meta property=\"og:title\" content=\"How brackish water reverse osmosis system be produced - Kangyang seawater desalination equipment Co.,ltd\" \/>\n<meta property=\"og:url\" content=\"https:\/\/kysearo.com\/tr\/aci-su-ters-osmoz-sistemi\/\" \/>\n<meta property=\"og:site_name\" content=\"Kangyang seawater desalination equipment Co.,ltd\" \/>\n<meta property=\"article:modified_time\" content=\"2025-07-10T06:17:03+00:00\" \/>\n<meta property=\"og:image\" content=\"https:\/\/kysearo.com\/wp-content\/uploads\/2016\/03\/desalination-for-irrigation.jpg\" \/>\n\t<meta property=\"og:image:width\" content=\"847\" \/>\n\t<meta property=\"og:image:height\" content=\"459\" \/>\n\t<meta property=\"og:image:type\" content=\"image\/jpeg\" \/>\n<meta name=\"twitter:label1\" content=\"Tahmini okuma s\u00fcresi\" \/>\n\t<meta name=\"twitter:data1\" content=\"4 dakika\" \/>\n<script type=\"application\/ld+json\" class=\"yoast-schema-graph\">{\"@context\":\"https:\/\/schema.org\",\"@graph\":[{\"@type\":\"WebPage\",\"@id\":\"https:\/\/kysearo.com\/brackish-water-reverse-osmosis-system\/\",\"url\":\"https:\/\/kysearo.com\/brackish-water-reverse-osmosis-system\/\",\"name\":\"How brackish water reverse osmosis system be produced - Kangyang seawater desalination equipment Co.,ltd\",\"isPartOf\":{\"@id\":\"https:\/\/kysearo.com\/#website\"},\"primaryImageOfPage\":{\"@id\":\"https:\/\/kysearo.com\/brackish-water-reverse-osmosis-system\/#primaryimage\"},\"image\":{\"@id\":\"https:\/\/kysearo.com\/brackish-water-reverse-osmosis-system\/#primaryimage\"},\"thumbnailUrl\":\"https:\/\/kysearo.com\/wp-content\/uploads\/2016\/03\/desalination-for-irrigation.jpg\",\"datePublished\":\"2016-07-20T03:56:04+00:00\",\"dateModified\":\"2025-07-10T06:17:03+00:00\",\"breadcrumb\":{\"@id\":\"https:\/\/kysearo.com\/brackish-water-reverse-osmosis-system\/#breadcrumb\"},\"inLanguage\":\"tr\",\"potentialAction\":[{\"@type\":\"ReadAction\",\"target\":[\"https:\/\/kysearo.com\/brackish-water-reverse-osmosis-system\/\"]}]},{\"@type\":\"ImageObject\",\"inLanguage\":\"tr\",\"@id\":\"https:\/\/kysearo.com\/brackish-water-reverse-osmosis-system\/#primaryimage\",\"url\":\"https:\/\/kysearo.com\/wp-content\/uploads\/2016\/03\/desalination-for-irrigation.jpg\",\"contentUrl\":\"https:\/\/kysearo.com\/wp-content\/uploads\/2016\/03\/desalination-for-irrigation.jpg\",\"width\":847,\"height\":459,\"caption\":\"1000 TPD Brackish Water Desalination Plant in Egypt\"},{\"@type\":\"BreadcrumbList\",\"@id\":\"https:\/\/kysearo.com\/brackish-water-reverse-osmosis-system\/#breadcrumb\",\"itemListElement\":[{\"@type\":\"ListItem\",\"position\":1,\"name\":\"Home\",\"item\":\"https:\/\/kysearo.com\/\"},{\"@type\":\"ListItem\",\"position\":2,\"name\":\"How brackish water reverse osmosis system be produced\"}]},{\"@type\":\"WebSite\",\"@id\":\"https:\/\/kysearo.com\/#website\",\"url\":\"https:\/\/kysearo.com\/\",\"name\":\"Kangyang seawater desalination equipment Co.,ltd\",\"description\":\"Reverse osmosis system,Seawater desalination plant manufacturer\",\"publisher\":{\"@id\":\"https:\/\/kysearo.com\/#organization\"},\"potentialAction\":[{\"@type\":\"SearchAction\",\"target\":{\"@type\":\"EntryPoint\",\"urlTemplate\":\"https:\/\/kysearo.com\/?s={search_term_string}\"},\"query-input\":{\"@type\":\"PropertyValueSpecification\",\"valueRequired\":true,\"valueName\":\"search_term_string\"}}],\"inLanguage\":\"tr\"},{\"@type\":\"Organization\",\"@id\":\"https:\/\/kysearo.com\/#organization\",\"name\":\"Kangyang seawater desalination equipment Co.,ltd\",\"url\":\"https:\/\/kysearo.com\/\",\"logo\":{\"@type\":\"ImageObject\",\"inLanguage\":\"tr\",\"@id\":\"https:\/\/kysearo.com\/#\/schema\/logo\/image\/\",\"url\":\"https:\/\/kysearo.com\/wp-content\/uploads\/2020\/04\/kysearo-logo.jpg\",\"contentUrl\":\"https:\/\/kysearo.com\/wp-content\/uploads\/2020\/04\/kysearo-logo.jpg\",\"width\":80,\"height\":80,\"caption\":\"Kangyang seawater desalination equipment Co.,ltd\"},\"image\":{\"@id\":\"https:\/\/kysearo.com\/#\/schema\/logo\/image\/\"}}]}<\/script>\n<!-- \/ Yoast SEO plugin. -->","yoast_head_json":{"title":"Ac\u0131 su ters osmoz sistemi nas\u0131l \u00fcretilir - Kangyang seawater desalination equipment Co, ltd","robots":{"index":"index","follow":"follow","max-snippet":"max-snippet:-1","max-image-preview":"max-image-preview:large","max-video-preview":"max-video-preview:-1"},"canonical":"https:\/\/kysearo.com\/tr\/aci-su-ters-osmoz-sistemi\/","og_locale":"tr_TR","og_type":"article","og_title":"How brackish water reverse osmosis system be produced - Kangyang seawater desalination equipment Co.,ltd","og_url":"https:\/\/kysearo.com\/tr\/aci-su-ters-osmoz-sistemi\/","og_site_name":"Kangyang seawater desalination equipment Co.,ltd","article_modified_time":"2025-07-10T06:17:03+00:00","og_image":[{"width":847,"height":459,"url":"https:\/\/kysearo.com\/wp-content\/uploads\/2016\/03\/desalination-for-irrigation.jpg","type":"image\/jpeg"}],"twitter_misc":{"Tahmini okuma s\u00fcresi":"4 dakika"},"schema":{"@context":"https:\/\/schema.org","@graph":[{"@type":"WebPage","@id":"https:\/\/kysearo.com\/brackish-water-reverse-osmosis-system\/","url":"https:\/\/kysearo.com\/brackish-water-reverse-osmosis-system\/","name":"Ac\u0131 su ters osmoz sistemi nas\u0131l \u00fcretilir - Kangyang seawater desalination equipment Co, ltd","isPartOf":{"@id":"https:\/\/kysearo.com\/#website"},"primaryImageOfPage":{"@id":"https:\/\/kysearo.com\/brackish-water-reverse-osmosis-system\/#primaryimage"},"image":{"@id":"https:\/\/kysearo.com\/brackish-water-reverse-osmosis-system\/#primaryimage"},"thumbnailUrl":"https:\/\/kysearo.com\/wp-content\/uploads\/2016\/03\/desalination-for-irrigation.jpg","datePublished":"2016-07-20T03:56:04+00:00","dateModified":"2025-07-10T06:17:03+00:00","breadcrumb":{"@id":"https:\/\/kysearo.com\/brackish-water-reverse-osmosis-system\/#breadcrumb"},"inLanguage":"tr","potentialAction":[{"@type":"ReadAction","target":["https:\/\/kysearo.com\/brackish-water-reverse-osmosis-system\/"]}]},{"@type":"ImageObject","inLanguage":"tr","@id":"https:\/\/kysearo.com\/brackish-water-reverse-osmosis-system\/#primaryimage","url":"https:\/\/kysearo.com\/wp-content\/uploads\/2016\/03\/desalination-for-irrigation.jpg","contentUrl":"https:\/\/kysearo.com\/wp-content\/uploads\/2016\/03\/desalination-for-irrigation.jpg","width":847,"height":459,"caption":"1000 TPD Brackish Water Desalination Plant in Egypt"},{"@type":"BreadcrumbList","@id":"https:\/\/kysearo.com\/brackish-water-reverse-osmosis-system\/#breadcrumb","itemListElement":[{"@type":"ListItem","position":1,"name":"Home","item":"https:\/\/kysearo.com\/"},{"@type":"ListItem","position":2,"name":"How brackish water reverse osmosis system be produced"}]},{"@type":"WebSite","@id":"https:\/\/kysearo.com\/#website","url":"https:\/\/kysearo.com\/","name":"Kangyang deniz suyu tuzdan ar\u0131nd\u0131rma ekipmanlar\u0131 Co, ltd","description":"Ters osmoz sistemi, Deniz suyu tuzdan ar\u0131nd\u0131rma tesisi \u00fcreticisi","publisher":{"@id":"https:\/\/kysearo.com\/#organization"},"potentialAction":[{"@type":"SearchAction","target":{"@type":"EntryPoint","urlTemplate":"https:\/\/kysearo.com\/?s={search_term_string}"},"query-input":{"@type":"PropertyValueSpecification","valueRequired":true,"valueName":"search_term_string"}}],"inLanguage":"tr"},{"@type":"Organization","@id":"https:\/\/kysearo.com\/#organization","name":"Kangyang deniz suyu tuzdan ar\u0131nd\u0131rma ekipmanlar\u0131 Co, ltd","url":"https:\/\/kysearo.com\/","logo":{"@type":"ImageObject","inLanguage":"tr","@id":"https:\/\/kysearo.com\/#\/schema\/logo\/image\/","url":"https:\/\/kysearo.com\/wp-content\/uploads\/2020\/04\/kysearo-logo.jpg","contentUrl":"https:\/\/kysearo.com\/wp-content\/uploads\/2020\/04\/kysearo-logo.jpg","width":80,"height":80,"caption":"Kangyang seawater desalination equipment Co.,ltd"},"image":{"@id":"https:\/\/kysearo.com\/#\/schema\/logo\/image\/"}}]}},"_links":{"self":[{"href":"https:\/\/kysearo.com\/tr\/wp-json\/wp\/v2\/pages\/4847","targetHints":{"allow":["GET"]}}],"collection":[{"href":"https:\/\/kysearo.com\/tr\/wp-json\/wp\/v2\/pages"}],"about":[{"href":"https:\/\/kysearo.com\/tr\/wp-json\/wp\/v2\/types\/page"}],"author":[{"embeddable":true,"href":"https:\/\/kysearo.com\/tr\/wp-json\/wp\/v2\/users\/1"}],"replies":[{"embeddable":true,"href":"https:\/\/kysearo.com\/tr\/wp-json\/wp\/v2\/comments?post=4847"}],"version-history":[{"count":22,"href":"https:\/\/kysearo.com\/tr\/wp-json\/wp\/v2\/pages\/4847\/revisions"}],"predecessor-version":[{"id":6449,"href":"https:\/\/kysearo.com\/tr\/wp-json\/wp\/v2\/pages\/4847\/revisions\/6449"}],"wp:featuredmedia":[{"embeddable":true,"href":"https:\/\/kysearo.com\/tr\/wp-json\/wp\/v2\/media\/4647"}],"wp:attachment":[{"href":"https:\/\/kysearo.com\/tr\/wp-json\/wp\/v2\/media?parent=4847"}],"curies":[{"name":"wp","href":"https:\/\/api.w.org\/{rel}","templated":true}]}}