{"id":1417,"date":"2015-01-10T02:48:32","date_gmt":"2015-01-10T02:48:32","guid":{"rendered":"https:\/\/kysearo.com\/?page_id=1417"},"modified":"2025-07-29T09:59:41","modified_gmt":"2025-07-29T09:59:41","slug":"yeu-cau-bao-gia","status":"publish","type":"page","link":"https:\/\/kysearo.com\/vi\/yeu-cau-bao-gia\/","title":{"rendered":"L\u00e0m th\u1ebf n\u00e0o \u0111\u1ec3 y\u00eau c\u1ea7u b\u00e1o gi\u00e1"},"content":{"rendered":"<div class=\"fusion-fullwidth fullwidth-box fusion-builder-row-1 nonhundred-percent-fullwidth non-hundred-percent-height-scrolling\"  style='background-color: rgba(209,209,209,0.1);background-position: center center;background-repeat: no-repeat;padding-top:0px;padding-right:30px;padding-bottom:0px;padding-left:30px;'><div class=\"fusion-builder-row fusion-row\"><div  class=\"fusion-layout-column fusion_builder_column fusion_builder_column_1_1 fusion-builder-column-0 fusion-one-full fusion-column-first fusion-column-last 1_1\"  style='margin-top:0px;margin-bottom:0px;'><div class=\"fusion-column-wrapper\" style=\"padding: 0px 0px 0px 0px;background-position:left top;background-repeat:no-repeat;-webkit-background-size:cover;-moz-background-size:cover;-o-background-size:cover;background-size:cover;\"   data-bg-url=\"\"><div class=\"fusion-text\"><p style=\"text-align: center;\"><span style=\"font-size: 28pt;\"><strong>Nh\u1eadn gi\u1ea3i ph\u00e1p ngay h\u00f4m nay!<\/strong><\/span><\/p>\n<\/div><div class=\"fusion-text\"><p style=\"text-align: center;\"><style id=\"wpforms-css-vars-6217\">\n\t\t\t\t#wpforms-6217 {\n\t\t\t\t\n\t\t\t}\n\t\t\t<\/style><div class=\"wpforms-container wpforms-container-full wpforms-render-modern\" id=\"wpforms-6217\"><form id=\"wpforms-form-6217\" class=\"wpforms-validate wpforms-form wpforms-ajax-form\" data-formid=\"6217\" method=\"post\" enctype=\"multipart\/form-data\" action=\"\/vi\/wp-json\/wp\/v2\/pages\/1417\" data-token=\"a38c307ff7a81127be6340db66c66547\" data-token-time=\"1776405558\" data-trp-original-action=\"\/vi\/wp-json\/wp\/v2\/pages\/1417\"><noscript class=\"wpforms-error-noscript\">Vui l\u00f2ng b\u1eadt JavaScript trong tr\u00ecnh duy\u1ec7t c\u1ee7a b\u1ea1n \u0111\u1ec3 ho\u00e0n th\u00e0nh bi\u1ec3u m\u1eabu n\u00e0y.<\/noscript><div id=\"wpforms-error-noscript\" style=\"display: none;\">Vui l\u00f2ng b\u1eadt JavaScript trong tr\u00ecnh duy\u1ec7t c\u1ee7a b\u1ea1n \u0111\u1ec3 ho\u00e0n th\u00e0nh bi\u1ec3u m\u1eabu n\u00e0y.<\/div><div class=\"wpforms-field-container\"><div id=\"wpforms-6217-field_1-container\" class=\"wpforms-field wpforms-field-name\" data-field-id=\"1\"><label class=\"wpforms-field-label\" for=\"wpforms-6217-field_1\">T\u00ean <span class=\"wpforms-required-label\" aria-hidden=\"true\">*<\/span><\/label><input type=\"text\" id=\"wpforms-6217-field_1\" class=\"wpforms-field-medium wpforms-field-required\" name=\"wpforms[fields][1]\" aria-errormessage=\"wpforms-6217-field_1-error\" required><\/div>\t\t<div id=\"wpforms-6217-field_5-container\"\n\t\t\tclass=\"wpforms-field wpforms-field-text\"\n\t\t\tdata-field-type=\"text\"\n\t\t\tdata-field-id=\"5\"\n\t\t\t>\n\t\t\t<label class=\"wpforms-field-label\" for=\"wpforms-6217-field_5\" >G\u1eedi email cho ch\u00fang t\u00f4i c\u00e1c y\u00eau c\u1ea7u...<\/label>\n\t\t\t<input type=\"text\" id=\"wpforms-6217-field_5\" class=\"wpforms-field-medium\" name=\"wpforms[fields][5]\" >\n\t\t<\/div>\n\t\t<div id=\"wpforms-6217-field_2-container\" class=\"wpforms-field wpforms-field-email\" data-field-id=\"2\"><label class=\"wpforms-field-label\" for=\"wpforms-6217-field_2\">E-mail <span class=\"wpforms-required-label\" aria-hidden=\"true\">*<\/span><\/label><input type=\"email\" id=\"wpforms-6217-field_2\" class=\"wpforms-field-medium wpforms-field-required\" name=\"wpforms[fields][2]\" spellcheck=\"false\" aria-errormessage=\"wpforms-6217-field_2-error\" required><\/div><div id=\"wpforms-6217-field_4-container\" class=\"wpforms-field wpforms-field-text\" data-field-id=\"4\"><label class=\"wpforms-field-label\" for=\"wpforms-6217-field_4\">\u0110i\u1ec7n tho\u1ea1i<\/label><input type=\"text\" id=\"wpforms-6217-field_4\" class=\"wpforms-field-medium\" name=\"wpforms[fields][4]\" aria-errormessage=\"wpforms-6217-field_4-error\" ><\/div><div id=\"wpforms-6217-field_3-container\" class=\"wpforms-field wpforms-field-textarea\" data-field-id=\"3\"><label class=\"wpforms-field-label\" for=\"wpforms-6217-field_3\">H\u00e3y cho ch\u00fang t\u00f4i bi\u1ebft y\u00eau c\u1ea7u c\u1ee7a b\u1ea1n...<\/label><textarea id=\"wpforms-6217-field_3\" class=\"wpforms-field-medium\" name=\"wpforms[fields][3]\" aria-errormessage=\"wpforms-6217-field_3-error\" ><\/textarea><\/div><script>\n\t\t\t\t( function() {\n\t\t\t\t\tconst style = document.createElement( 'style' );\n\t\t\t\t\tstyle.appendChild( document.createTextNode( '#wpforms-6217-field_5-container { position: absolute !important; overflow: hidden !important; display: inline !important; height: 1px !important; width: 1px !important; z-index: -1000 !important; padding: 0 !important; } #wpforms-6217-field_5-container input { visibility: hidden; } #wpforms-conversational-form-page #wpforms-6217-field_5-container label { counter-increment: none; }' ) );\n\t\t\t\t\tdocument.head.appendChild( style );\n\t\t\t\t\tdocument.currentScript?.remove();\n\t\t\t\t} )();\n\t\t\t<\/script><\/div><!-- .wpforms-field-container --><div class=\"wpforms-submit-container\" ><input type=\"hidden\" name=\"wpforms[id]\" value=\"6217\"><input type=\"hidden\" name=\"page_title\" value=\"\"><input type=\"hidden\" name=\"page_url\" value=\"https:\/\/kysearo.com\/vi\/wp-json\/wp\/v2\/pages\/1417\"><input type=\"hidden\" name=\"url_referer\" value=\"\"><button type=\"submit\" name=\"wpforms[submit]\" id=\"wpforms-submit-6217\" class=\"wpforms-submit\" data-alt-text=\"Sending...\" data-submit-text=\"Submit\" aria-live=\"assertive\" value=\"wpforms-submit\">N\u1ed9p<\/button><img loading=\"lazy\" decoding=\"async\" src=\"https:\/\/kysearo.com\/wp-content\/plugins\/wpforms-lite\/assets\/images\/submit-spin.svg\" class=\"wpforms-submit-spinner\" style=\"display: none;\" width=\"26\" height=\"26\" alt=\"\u0110ang t\u1ea3i\"><\/div><input type=\"hidden\" name=\"trp-form-language\" value=\"vi\"\/><\/form><\/div>  <!-- .wpforms-container --><\/p>\n<\/div><div class=\"fusion-clearfix\"><\/div><\/div><\/div><\/div><\/div><style type=\"text\/css\">.fusion-fullwidth.fusion-builder-row-1 a:not(.fusion-button):not(.fusion-builder-module-control):not(.fusion-social-network-icon):not(.fb-icon-element):not(.fusion-countdown-link):not(.fusion-rollover-link):not(.fusion-rollover-gallery):not(.fusion-button-bar):not(.add_to_cart_button):not(.show_details_button):not(.product_type_external):not(.fusion-quick-view):not(.fusion-rollover-title-link):not(.fusion-breadcrumb-link) , .fusion-fullwidth.fusion-builder-row-1 a:not(.fusion-button):not(.fusion-builder-module-control):not(.fusion-social-network-icon):not(.fb-icon-element):not(.fusion-countdown-link):not(.fusion-rollover-link):not(.fusion-rollover-gallery):not(.fusion-button-bar):not(.add_to_cart_button):not(.show_details_button):not(.product_type_external):not(.fusion-quick-view):not(.fusion-rollover-title-link):not(.fusion-breadcrumb-link):before, .fusion-fullwidth.fusion-builder-row-1 a:not(.fusion-button):not(.fusion-builder-module-control):not(.fusion-social-network-icon):not(.fb-icon-element):not(.fusion-countdown-link):not(.fusion-rollover-link):not(.fusion-rollover-gallery):not(.fusion-button-bar):not(.add_to_cart_button):not(.show_details_button):not(.product_type_external):not(.fusion-quick-view):not(.fusion-rollover-title-link):not(.fusion-breadcrumb-link):after {color: #212934;}.fusion-fullwidth.fusion-builder-row-1 a:not(.fusion-button):not(.fusion-builder-module-control):not(.fusion-social-network-icon):not(.fb-icon-element):not(.fusion-countdown-link):not(.fusion-rollover-link):not(.fusion-rollover-gallery):not(.fusion-button-bar):not(.add_to_cart_button):not(.show_details_button):not(.product_type_external):not(.fusion-quick-view):not(.fusion-rollover-title-link):not(.fusion-breadcrumb-link):hover, .fusion-fullwidth.fusion-builder-row-1 a:not(.fusion-button):not(.fusion-builder-module-control):not(.fusion-social-network-icon):not(.fb-icon-element):not(.fusion-countdown-link):not(.fusion-rollover-link):not(.fusion-rollover-gallery):not(.fusion-button-bar):not(.add_to_cart_button):not(.show_details_button):not(.product_type_external):not(.fusion-quick-view):not(.fusion-rollover-title-link):not(.fusion-breadcrumb-link):hover:before, .fusion-fullwidth.fusion-builder-row-1 a:not(.fusion-button):not(.fusion-builder-module-control):not(.fusion-social-network-icon):not(.fb-icon-element):not(.fusion-countdown-link):not(.fusion-rollover-link):not(.fusion-rollover-gallery):not(.fusion-button-bar):not(.add_to_cart_button):not(.show_details_button):not(.product_type_external):not(.fusion-quick-view):not(.fusion-rollover-title-link):not(.fusion-breadcrumb-link):hover:after {color: #00a2ea;}.fusion-fullwidth.fusion-builder-row-1 .pagination a.inactive:hover, .fusion-fullwidth.fusion-builder-row-1 .fusion-filters .fusion-filter.fusion-active a {border-color: #00a2ea;}.fusion-fullwidth.fusion-builder-row-1 .pagination .current {border-color: #00a2ea; background-color: #00a2ea;}.fusion-fullwidth.fusion-builder-row-1 .fusion-filters .fusion-filter.fusion-active a, .fusion-fullwidth.fusion-builder-row-1 .fusion-date-and-formats .fusion-format-box, .fusion-fullwidth.fusion-builder-row-1 .fusion-popover, .fusion-fullwidth.fusion-builder-row-1 .tooltip-shortcode {color: #00a2ea;}#main .fusion-fullwidth.fusion-builder-row-1 .post .blog-shortcode-post-title a:hover {color: #00a2ea;}<\/style>","protected":false},"excerpt":{"rendered":"Get A Solution Today! Vui l\u00f2ng b\u1eadt JavaScript trong tr\u00ecnh [...]","protected":false},"author":1,"featured_media":0,"parent":0,"menu_order":0,"comment_status":"open","ping_status":"open","template":"100-width.php","meta":{"footnotes":""},"class_list":["post-1417","page","type-page","status-publish","hentry"],"yoast_head":"<!-- This site is optimized with the Yoast SEO plugin v26.5 - https:\/\/yoast.com\/wordpress\/plugins\/seo\/ -->\n<title>How Much Seawater Desalination Cost Per Gallon<\/title>\n<meta name=\"description\" content=\"Provide reverse osmosis system,seawater desalination plants,Contact us to request for a quotation and know more about desalination cost.\" \/>\n<meta name=\"robots\" content=\"index, follow, max-snippet:-1, max-image-preview:large, max-video-preview:-1\" \/>\n<link rel=\"canonical\" href=\"https:\/\/kysearo.com\/vi\/yeu-cau-bao-gia\/\" \/>\n<meta property=\"og:locale\" content=\"vi_VN\" \/>\n<meta property=\"og:type\" content=\"article\" \/>\n<meta property=\"og:title\" content=\"How Much Seawater Desalination Cost Per Gallon\" \/>\n<meta property=\"og:description\" content=\"Provide reverse osmosis system,seawater desalination plants,Contact us to request for a quotation and know more about desalination cost.\" \/>\n<meta property=\"og:url\" content=\"https:\/\/kysearo.com\/vi\/yeu-cau-bao-gia\/\" \/>\n<meta property=\"og:site_name\" content=\"Kangyang seawater desalination equipment Co.,ltd\" \/>\n<meta property=\"article:modified_time\" content=\"2025-07-29T09:59:41+00:00\" \/>\n<meta name=\"twitter:label1\" content=\"\u01af\u1edbc t\u00ednh th\u1eddi gian \u0111\u1ecdc\" \/>\n\t<meta name=\"twitter:data1\" content=\"1 ph\u00fat\" \/>\n<script type=\"application\/ld+json\" class=\"yoast-schema-graph\">{\"@context\":\"https:\/\/schema.org\",\"@graph\":[{\"@type\":\"WebPage\",\"@id\":\"https:\/\/kysearo.com\/request-quotation\/\",\"url\":\"https:\/\/kysearo.com\/request-quotation\/\",\"name\":\"How Much Seawater Desalination Cost Per Gallon\",\"isPartOf\":{\"@id\":\"https:\/\/kysearo.com\/#website\"},\"datePublished\":\"2015-01-10T02:48:32+00:00\",\"dateModified\":\"2025-07-29T09:59:41+00:00\",\"description\":\"Provide reverse osmosis system,seawater desalination plants,Contact us to request for a quotation and know more about desalination cost.\",\"breadcrumb\":{\"@id\":\"https:\/\/kysearo.com\/request-quotation\/#breadcrumb\"},\"inLanguage\":\"vi\",\"potentialAction\":[{\"@type\":\"ReadAction\",\"target\":[\"https:\/\/kysearo.com\/request-quotation\/\"]}]},{\"@type\":\"BreadcrumbList\",\"@id\":\"https:\/\/kysearo.com\/request-quotation\/#breadcrumb\",\"itemListElement\":[{\"@type\":\"ListItem\",\"position\":1,\"name\":\"Home\",\"item\":\"https:\/\/kysearo.com\/\"},{\"@type\":\"ListItem\",\"position\":2,\"name\":\"How to request for a quotation\"}]},{\"@type\":\"WebSite\",\"@id\":\"https:\/\/kysearo.com\/#website\",\"url\":\"https:\/\/kysearo.com\/\",\"name\":\"Kangyang seawater desalination equipment Co.,ltd\",\"description\":\"Reverse osmosis system,Seawater desalination plant manufacturer\",\"publisher\":{\"@id\":\"https:\/\/kysearo.com\/#organization\"},\"potentialAction\":[{\"@type\":\"SearchAction\",\"target\":{\"@type\":\"EntryPoint\",\"urlTemplate\":\"https:\/\/kysearo.com\/?s={search_term_string}\"},\"query-input\":{\"@type\":\"PropertyValueSpecification\",\"valueRequired\":true,\"valueName\":\"search_term_string\"}}],\"inLanguage\":\"vi\"},{\"@type\":\"Organization\",\"@id\":\"https:\/\/kysearo.com\/#organization\",\"name\":\"Kangyang seawater desalination equipment Co.,ltd\",\"url\":\"https:\/\/kysearo.com\/\",\"logo\":{\"@type\":\"ImageObject\",\"inLanguage\":\"vi\",\"@id\":\"https:\/\/kysearo.com\/#\/schema\/logo\/image\/\",\"url\":\"https:\/\/kysearo.com\/wp-content\/uploads\/2020\/04\/kysearo-logo.jpg\",\"contentUrl\":\"https:\/\/kysearo.com\/wp-content\/uploads\/2020\/04\/kysearo-logo.jpg\",\"width\":80,\"height\":80,\"caption\":\"Kangyang seawater desalination equipment Co.,ltd\"},\"image\":{\"@id\":\"https:\/\/kysearo.com\/#\/schema\/logo\/image\/\"}}]}<\/script>\n<!-- \/ Yoast SEO plugin. -->","yoast_head_json":{"title":"Chi ph\u00ed kh\u1eed mu\u1ed1i n\u01b0\u1edbc bi\u1ec3n l\u00e0 bao nhi\u00eau cho m\u1ed9t gallon","description":"Cung c\u1ea5p h\u1ec7 th\u1ed1ng th\u1ea9m th\u1ea5u ng\u01b0\u1ee3c, nh\u00e0 m\u00e1y kh\u1eed mu\u1ed1i n\u01b0\u1edbc bi\u1ec3n, Li\u00ean h\u1ec7 v\u1edbi ch\u00fang t\u00f4i \u0111\u1ec3 y\u00eau c\u1ea7u b\u00e1o gi\u00e1 v\u00e0 bi\u1ebft th\u00eam v\u1ec1 chi ph\u00ed kh\u1eed mu\u1ed1i.","robots":{"index":"index","follow":"follow","max-snippet":"max-snippet:-1","max-image-preview":"max-image-preview:large","max-video-preview":"max-video-preview:-1"},"canonical":"https:\/\/kysearo.com\/vi\/yeu-cau-bao-gia\/","og_locale":"vi_VN","og_type":"article","og_title":"How Much Seawater Desalination Cost Per Gallon","og_description":"Provide reverse osmosis system,seawater desalination plants,Contact us to request for a quotation and know more about desalination cost.","og_url":"https:\/\/kysearo.com\/vi\/yeu-cau-bao-gia\/","og_site_name":"Kangyang seawater desalination equipment Co.,ltd","article_modified_time":"2025-07-29T09:59:41+00:00","twitter_misc":{"\u01af\u1edbc t\u00ednh th\u1eddi gian \u0111\u1ecdc":"1 ph\u00fat"},"schema":{"@context":"https:\/\/schema.org","@graph":[{"@type":"WebPage","@id":"https:\/\/kysearo.com\/request-quotation\/","url":"https:\/\/kysearo.com\/request-quotation\/","name":"Chi ph\u00ed kh\u1eed mu\u1ed1i n\u01b0\u1edbc bi\u1ec3n l\u00e0 bao nhi\u00eau cho m\u1ed9t gallon","isPartOf":{"@id":"https:\/\/kysearo.com\/#website"},"datePublished":"2015-01-10T02:48:32+00:00","dateModified":"2025-07-29T09:59:41+00:00","description":"Cung c\u1ea5p h\u1ec7 th\u1ed1ng th\u1ea9m th\u1ea5u ng\u01b0\u1ee3c, nh\u00e0 m\u00e1y kh\u1eed mu\u1ed1i n\u01b0\u1edbc bi\u1ec3n, Li\u00ean h\u1ec7 v\u1edbi ch\u00fang t\u00f4i \u0111\u1ec3 y\u00eau c\u1ea7u b\u00e1o gi\u00e1 v\u00e0 bi\u1ebft th\u00eam v\u1ec1 chi ph\u00ed kh\u1eed mu\u1ed1i.","breadcrumb":{"@id":"https:\/\/kysearo.com\/request-quotation\/#breadcrumb"},"inLanguage":"vi","potentialAction":[{"@type":"ReadAction","target":["https:\/\/kysearo.com\/request-quotation\/"]}]},{"@type":"BreadcrumbList","@id":"https:\/\/kysearo.com\/request-quotation\/#breadcrumb","itemListElement":[{"@type":"ListItem","position":1,"name":"Home","item":"https:\/\/kysearo.com\/"},{"@type":"ListItem","position":2,"name":"How to request for a quotation"}]},{"@type":"WebSite","@id":"https:\/\/kysearo.com\/#website","url":"https:\/\/kysearo.com\/","name":"C\u00f4ng ty TNHH thi\u1ebft b\u1ecb kh\u1eed m\u1eb7n n\u01b0\u1edbc bi\u1ec3n Kangyang","description":"H\u1ec7 th\u1ed1ng th\u1ea9m th\u1ea5u ng\u01b0\u1ee3c,nh\u00e0 s\u1ea3n xu\u1ea5t nh\u00e0 m\u00e1y kh\u1eed m\u1eb7n n\u01b0\u1edbc bi\u1ec3n","publisher":{"@id":"https:\/\/kysearo.com\/#organization"},"potentialAction":[{"@type":"SearchAction","target":{"@type":"EntryPoint","urlTemplate":"https:\/\/kysearo.com\/?s={search_term_string}"},"query-input":{"@type":"PropertyValueSpecification","valueRequired":true,"valueName":"search_term_string"}}],"inLanguage":"vi"},{"@type":"Organization","@id":"https:\/\/kysearo.com\/#organization","name":"C\u00f4ng ty TNHH thi\u1ebft b\u1ecb kh\u1eed m\u1eb7n n\u01b0\u1edbc bi\u1ec3n Kangyang","url":"https:\/\/kysearo.com\/","logo":{"@type":"ImageObject","inLanguage":"vi","@id":"https:\/\/kysearo.com\/#\/schema\/logo\/image\/","url":"https:\/\/kysearo.com\/wp-content\/uploads\/2020\/04\/kysearo-logo.jpg","contentUrl":"https:\/\/kysearo.com\/wp-content\/uploads\/2020\/04\/kysearo-logo.jpg","width":80,"height":80,"caption":"Kangyang seawater desalination equipment Co.,ltd"},"image":{"@id":"https:\/\/kysearo.com\/#\/schema\/logo\/image\/"}}]}},"_links":{"self":[{"href":"https:\/\/kysearo.com\/vi\/wp-json\/wp\/v2\/pages\/1417","targetHints":{"allow":["GET"]}}],"collection":[{"href":"https:\/\/kysearo.com\/vi\/wp-json\/wp\/v2\/pages"}],"about":[{"href":"https:\/\/kysearo.com\/vi\/wp-json\/wp\/v2\/types\/page"}],"author":[{"embeddable":true,"href":"https:\/\/kysearo.com\/vi\/wp-json\/wp\/v2\/users\/1"}],"replies":[{"embeddable":true,"href":"https:\/\/kysearo.com\/vi\/wp-json\/wp\/v2\/comments?post=1417"}],"version-history":[{"count":45,"href":"https:\/\/kysearo.com\/vi\/wp-json\/wp\/v2\/pages\/1417\/revisions"}],"predecessor-version":[{"id":6648,"href":"https:\/\/kysearo.com\/vi\/wp-json\/wp\/v2\/pages\/1417\/revisions\/6648"}],"wp:attachment":[{"href":"https:\/\/kysearo.com\/vi\/wp-json\/wp\/v2\/media?parent=1417"}],"curies":[{"name":"wp","href":"https:\/\/api.w.org\/{rel}","templated":true}]}}