{"id":4877,"date":"2016-07-21T08:04:01","date_gmt":"2016-07-21T08:04:01","guid":{"rendered":"https:\/\/kysearo.com\/?page_id=4877"},"modified":"2025-07-21T06:47:43","modified_gmt":"2025-07-21T06:47:43","slug":"he-thong-khu-muoi-bang-container","status":"publish","type":"page","link":"https:\/\/kysearo.com\/vi\/he-thong-khu-muoi-bang-container\/","title":{"rendered":"H\u1ec7 th\u1ed1ng kh\u1eed mu\u1ed1i b\u1eb1ng container"},"content":{"rendered":"<div class=\"fusion-fullwidth fullwidth-box fusion-builder-row-1 nonhundred-percent-fullwidth non-hundred-percent-height-scrolling\"  style='background-color: rgba(255,255,255,0);background-position: center center;background-repeat: no-repeat;padding-top:0px;padding-right:0px;padding-bottom:0px;padding-left:0px;'><div class=\"fusion-builder-row fusion-row\"><div  class=\"fusion-layout-column fusion_builder_column fusion_builder_column_1_1 fusion-builder-column-0 fusion-one-full fusion-column-first fusion-column-last 1_1\"  style='margin-top:0px;margin-bottom:0px;'><div class=\"fusion-column-wrapper\" style=\"padding: 0px 0px 0px 0px;background-position:left top;background-repeat:no-repeat;-webkit-background-size:cover;-moz-background-size:cover;-o-background-size:cover;background-size:cover;\"   data-bg-url=\"\"><div class=\"fusion-text\"><h2>100 TPD Containerized Desalination System of Groundwater<\/h2>\n<p>C\u00f4ng su\u1ea5t n\u01b0\u1edbc s\u1ea3n ph\u1ea9m: 100 TPD<\/p>\n<p>N\u01b0\u1edbc th\u00f4: N\u01b0\u1edbc ng\u1ea7m c\u00f3 TDS l\u00e0 6000 ppm<\/p>\n<p>S\u1eed d\u1ee5ng n\u01b0\u1edbc s\u1ea3n ph\u1ea9m: n\u01b0\u1edbc ti\u00eau th\u1ee5 trong sinh ho\u1ea1t, ch\u1eb3ng h\u1ea1n nh\u01b0 n\u1ea5u \u0103n, t\u1eafm r\u1eeda v\u00e0 u\u1ed1ng sau khi \u0111un s\u00f4i<\/p>\n<p>\u0110\u1ecba \u0111i\u1ec3m d\u1ef1 \u00e1n: xx Tr\u1ea1i qu\u00e2n s\u1ef1 t\u1ea1i Juba c\u1ee7a C\u1ed9ng h\u00f2a Nam Sudan<\/p>\n<h3>Gi\u1edbi thi\u1ec7u<\/h3>\n<p>C\u00f4ng vi\u1ec7c l\u1eafp r\u00e1p t\u1ea1i x\u01b0\u1edfng c\u1ee7a ch\u00fang t\u00f4i b\u1eaft \u0111\u1ea7u v\u00e0o th\u00e1ng 3 n\u0103m 2016 v\u00e0 ho\u00e0n th\u00e0nh v\u00e0o th\u00e1ng 4. Theo y\u00eau c\u1ea7u c\u1ee7a kh\u00e1ch h\u00e0ng, t\u1ea5t c\u1ea3 c\u00e1c th\u00e0nh ph\u1ea7n v\u00e0 thi\u1ebft b\u1ecb \u0111\u00e3 \u0111\u01b0\u1ee3c l\u1eafp \u0111\u1eb7t t\u1ed1t trong m\u1ed9t container 40 feet tr\u01b0\u1edbc khi giao h\u00e0ng. H\u01a1n n\u1eefa, c\u00f4ng vi\u1ec7c v\u1eadn h\u00e0nh c\u1ea7n thi\u1ebft \u0111\u00e3 \u0111\u01b0\u1ee3c th\u1ef1c hi\u1ec7n t\u1ea1i x\u01b0\u1edfng c\u1ee7a ch\u00fang t\u00f4i. \u0110\u00e2y l\u00e0 d\u1ef1 \u00e1n ch\u00eca kh\u00f3a trao tay, c\u00f3 ngh\u0129a l\u00e0 nh\u00e0 m\u00e1y kh\u1eed mu\u1ed1i c\u00f3 th\u1ec3 ho\u1ea1t \u0111\u1ed9ng ngay sau khi k\u1ebft n\u1ed1i n\u01b0\u1edbc v\u00e0 \u0111i\u1ec7n v\u00e0 h\u01b0\u1edbng d\u1eabn v\u1eadn h\u00e0nh \u0111\u01a1n gi\u1ea3n.<\/p>\n<p>Quy tr\u00ecnh k\u1ef9 thu\u1eadt ch\u00ednh: B\u1ed3n ch\u1ee9a n\u01b0\u1edbc th\u00f4 \u2013 L\u1ecdc c\u00e1t \u2013 L\u1ecdc than ho\u1ea1t t\u00ednh \u2013 H\u1ec7 th\u1ed1ng th\u1ea9m th\u1ea5u ng\u01b0\u1ee3c \u2013 H\u1ec7 th\u1ed1ng c\u1ea5p n\u01b0\u1edbc<\/p>\n<h3>Tr\u1ea1ng th\u00e1i ho\u1ea1t \u0111\u1ed9ng:<\/h3>\n<p>The plant arrived at the site in April of 2016. After a preliminary water source and power connection, the desalination plant started operation. During nearly 3 months operation, we get some feedback from customer: the raw water quality varies and dynamic change in TDS. Owing to our engineers rich experience about brackish water desalination, the designed system can bear the various change of water quality in a degree, which made an deep impression on our customer. And till now, it performs pretty good, and we are glad to hear that our product offered a good solution for the customer requirement. This containerized desalination system to convert ground well water to fresh water.<\/p>\n<\/div><div class=\"fusion-clearfix\"><\/div><\/div><\/div><\/div><\/div>","protected":false},"excerpt":{"rendered":"100 TPD Containerized Desalination System of Groundwater Product water capacity: [...]","protected":false},"author":1,"featured_media":5070,"parent":0,"menu_order":0,"comment_status":"closed","ping_status":"closed","template":"","meta":{"footnotes":""},"class_list":["post-4877","page","type-page","status-publish","has-post-thumbnail","hentry"],"yoast_head":"<!-- This site is optimized with the Yoast SEO plugin v26.5 - https:\/\/yoast.com\/wordpress\/plugins\/seo\/ -->\n<title>100 TPD Containerized Desalination System | KYSEARO<\/title>\n<meta name=\"description\" content=\"Containerized desalination system was manufactured for South Sudan customer, it can produce 5 tons per hour fresh water for local residents domestic using.\" \/>\n<meta name=\"robots\" content=\"index, follow, max-snippet:-1, max-image-preview:large, max-video-preview:-1\" \/>\n<link rel=\"canonical\" href=\"https:\/\/kysearo.com\/vi\/he-thong-khu-muoi-bang-container\/\" \/>\n<meta property=\"og:locale\" content=\"vi_VN\" \/>\n<meta property=\"og:type\" content=\"article\" \/>\n<meta property=\"og:title\" content=\"100 TPD Containerized Desalination System | KYSEARO\" \/>\n<meta property=\"og:description\" content=\"Containerized desalination system was manufactured for South Sudan customer, it can produce 5 tons per hour fresh water for local residents domestic using.\" \/>\n<meta property=\"og:url\" content=\"https:\/\/kysearo.com\/vi\/he-thong-khu-muoi-bang-container\/\" \/>\n<meta property=\"og:site_name\" content=\"Kangyang seawater desalination equipment Co.,ltd\" \/>\n<meta property=\"article:modified_time\" content=\"2025-07-21T06:47:43+00:00\" \/>\n<meta property=\"og:image\" content=\"https:\/\/kysearo.com\/wp-content\/uploads\/2017\/08\/containerized-seawater-desalination-.png\" \/>\n\t<meta property=\"og:image:width\" content=\"1920\" \/>\n\t<meta property=\"og:image:height\" content=\"1080\" \/>\n\t<meta property=\"og:image:type\" content=\"image\/png\" \/>\n<meta name=\"twitter:label1\" content=\"\u01af\u1edbc t\u00ednh th\u1eddi gian \u0111\u1ecdc\" \/>\n\t<meta name=\"twitter:data1\" content=\"3 ph\u00fat\" \/>\n<script type=\"application\/ld+json\" class=\"yoast-schema-graph\">{\"@context\":\"https:\/\/schema.org\",\"@graph\":[{\"@type\":\"WebPage\",\"@id\":\"https:\/\/kysearo.com\/containerized-desalination-system\/\",\"url\":\"https:\/\/kysearo.com\/containerized-desalination-system\/\",\"name\":\"100 TPD Containerized Desalination System | KYSEARO\",\"isPartOf\":{\"@id\":\"https:\/\/kysearo.com\/#website\"},\"primaryImageOfPage\":{\"@id\":\"https:\/\/kysearo.com\/containerized-desalination-system\/#primaryimage\"},\"image\":{\"@id\":\"https:\/\/kysearo.com\/containerized-desalination-system\/#primaryimage\"},\"thumbnailUrl\":\"https:\/\/kysearo.com\/wp-content\/uploads\/2017\/08\/containerized-seawater-desalination-.png\",\"datePublished\":\"2016-07-21T08:04:01+00:00\",\"dateModified\":\"2025-07-21T06:47:43+00:00\",\"description\":\"Containerized desalination system was manufactured for South Sudan customer, it can produce 5 tons per hour fresh water for local residents domestic using.\",\"breadcrumb\":{\"@id\":\"https:\/\/kysearo.com\/containerized-desalination-system\/#breadcrumb\"},\"inLanguage\":\"vi\",\"potentialAction\":[{\"@type\":\"ReadAction\",\"target\":[\"https:\/\/kysearo.com\/containerized-desalination-system\/\"]}]},{\"@type\":\"ImageObject\",\"inLanguage\":\"vi\",\"@id\":\"https:\/\/kysearo.com\/containerized-desalination-system\/#primaryimage\",\"url\":\"https:\/\/kysearo.com\/wp-content\/uploads\/2017\/08\/containerized-seawater-desalination-.png\",\"contentUrl\":\"https:\/\/kysearo.com\/wp-content\/uploads\/2017\/08\/containerized-seawater-desalination-.png\",\"width\":1920,\"height\":1080},{\"@type\":\"BreadcrumbList\",\"@id\":\"https:\/\/kysearo.com\/containerized-desalination-system\/#breadcrumb\",\"itemListElement\":[{\"@type\":\"ListItem\",\"position\":1,\"name\":\"Home\",\"item\":\"https:\/\/kysearo.com\/\"},{\"@type\":\"ListItem\",\"position\":2,\"name\":\"Containerized Desalination System\"}]},{\"@type\":\"WebSite\",\"@id\":\"https:\/\/kysearo.com\/#website\",\"url\":\"https:\/\/kysearo.com\/\",\"name\":\"Kangyang seawater desalination equipment Co.,ltd\",\"description\":\"Reverse osmosis system,Seawater desalination plant manufacturer\",\"publisher\":{\"@id\":\"https:\/\/kysearo.com\/#organization\"},\"potentialAction\":[{\"@type\":\"SearchAction\",\"target\":{\"@type\":\"EntryPoint\",\"urlTemplate\":\"https:\/\/kysearo.com\/?s={search_term_string}\"},\"query-input\":{\"@type\":\"PropertyValueSpecification\",\"valueRequired\":true,\"valueName\":\"search_term_string\"}}],\"inLanguage\":\"vi\"},{\"@type\":\"Organization\",\"@id\":\"https:\/\/kysearo.com\/#organization\",\"name\":\"Kangyang seawater desalination equipment Co.,ltd\",\"url\":\"https:\/\/kysearo.com\/\",\"logo\":{\"@type\":\"ImageObject\",\"inLanguage\":\"vi\",\"@id\":\"https:\/\/kysearo.com\/#\/schema\/logo\/image\/\",\"url\":\"https:\/\/kysearo.com\/wp-content\/uploads\/2020\/04\/kysearo-logo.jpg\",\"contentUrl\":\"https:\/\/kysearo.com\/wp-content\/uploads\/2020\/04\/kysearo-logo.jpg\",\"width\":80,\"height\":80,\"caption\":\"Kangyang seawater desalination equipment Co.,ltd\"},\"image\":{\"@id\":\"https:\/\/kysearo.com\/#\/schema\/logo\/image\/\"}}]}<\/script>\n<!-- \/ Yoast SEO plugin. -->","yoast_head_json":{"title":"H\u1ec7 th\u1ed1ng kh\u1eed mu\u1ed1i \u0111\u00f3ng th\u00f9ng 100 TPD | KYSEARO","description":"H\u1ec7 th\u1ed1ng kh\u1eed mu\u1ed1i b\u1eb1ng container \u0111\u01b0\u1ee3c s\u1ea3n xu\u1ea5t cho kh\u00e1ch h\u00e0ng Nam Sudan, c\u00f3 th\u1ec3 s\u1ea3n xu\u1ea5t 5 t\u1ea5n n\u01b0\u1edbc ng\u1ecdt m\u1ed7i gi\u1edd \u0111\u1ec3 ph\u1ee5c v\u1ee5 nhu c\u1ea7u sinh ho\u1ea1t c\u1ee7a ng\u01b0\u1eddi d\u00e2n \u0111\u1ecba ph\u01b0\u01a1ng.","robots":{"index":"index","follow":"follow","max-snippet":"max-snippet:-1","max-image-preview":"max-image-preview:large","max-video-preview":"max-video-preview:-1"},"canonical":"https:\/\/kysearo.com\/vi\/he-thong-khu-muoi-bang-container\/","og_locale":"vi_VN","og_type":"article","og_title":"100 TPD Containerized Desalination System | KYSEARO","og_description":"Containerized desalination system was manufactured for South Sudan customer, it can produce 5 tons per hour fresh water for local residents domestic using.","og_url":"https:\/\/kysearo.com\/vi\/he-thong-khu-muoi-bang-container\/","og_site_name":"Kangyang seawater desalination equipment Co.,ltd","article_modified_time":"2025-07-21T06:47:43+00:00","og_image":[{"width":1920,"height":1080,"url":"https:\/\/kysearo.com\/wp-content\/uploads\/2017\/08\/containerized-seawater-desalination-.png","type":"image\/png"}],"twitter_misc":{"\u01af\u1edbc t\u00ednh th\u1eddi gian \u0111\u1ecdc":"3 ph\u00fat"},"schema":{"@context":"https:\/\/schema.org","@graph":[{"@type":"WebPage","@id":"https:\/\/kysearo.com\/containerized-desalination-system\/","url":"https:\/\/kysearo.com\/containerized-desalination-system\/","name":"H\u1ec7 th\u1ed1ng kh\u1eed mu\u1ed1i \u0111\u00f3ng th\u00f9ng 100 TPD | KYSEARO","isPartOf":{"@id":"https:\/\/kysearo.com\/#website"},"primaryImageOfPage":{"@id":"https:\/\/kysearo.com\/containerized-desalination-system\/#primaryimage"},"image":{"@id":"https:\/\/kysearo.com\/containerized-desalination-system\/#primaryimage"},"thumbnailUrl":"https:\/\/kysearo.com\/wp-content\/uploads\/2017\/08\/containerized-seawater-desalination-.png","datePublished":"2016-07-21T08:04:01+00:00","dateModified":"2025-07-21T06:47:43+00:00","description":"H\u1ec7 th\u1ed1ng kh\u1eed mu\u1ed1i b\u1eb1ng container \u0111\u01b0\u1ee3c s\u1ea3n xu\u1ea5t cho kh\u00e1ch h\u00e0ng Nam Sudan, c\u00f3 th\u1ec3 s\u1ea3n xu\u1ea5t 5 t\u1ea5n n\u01b0\u1edbc ng\u1ecdt m\u1ed7i gi\u1edd \u0111\u1ec3 ph\u1ee5c v\u1ee5 nhu c\u1ea7u sinh ho\u1ea1t c\u1ee7a ng\u01b0\u1eddi d\u00e2n \u0111\u1ecba ph\u01b0\u01a1ng.","breadcrumb":{"@id":"https:\/\/kysearo.com\/containerized-desalination-system\/#breadcrumb"},"inLanguage":"vi","potentialAction":[{"@type":"ReadAction","target":["https:\/\/kysearo.com\/containerized-desalination-system\/"]}]},{"@type":"ImageObject","inLanguage":"vi","@id":"https:\/\/kysearo.com\/containerized-desalination-system\/#primaryimage","url":"https:\/\/kysearo.com\/wp-content\/uploads\/2017\/08\/containerized-seawater-desalination-.png","contentUrl":"https:\/\/kysearo.com\/wp-content\/uploads\/2017\/08\/containerized-seawater-desalination-.png","width":1920,"height":1080},{"@type":"BreadcrumbList","@id":"https:\/\/kysearo.com\/containerized-desalination-system\/#breadcrumb","itemListElement":[{"@type":"ListItem","position":1,"name":"Home","item":"https:\/\/kysearo.com\/"},{"@type":"ListItem","position":2,"name":"Containerized Desalination System"}]},{"@type":"WebSite","@id":"https:\/\/kysearo.com\/#website","url":"https:\/\/kysearo.com\/","name":"C\u00f4ng ty TNHH thi\u1ebft b\u1ecb kh\u1eed m\u1eb7n n\u01b0\u1edbc bi\u1ec3n Kangyang","description":"H\u1ec7 th\u1ed1ng th\u1ea9m th\u1ea5u ng\u01b0\u1ee3c,nh\u00e0 s\u1ea3n xu\u1ea5t nh\u00e0 m\u00e1y kh\u1eed m\u1eb7n n\u01b0\u1edbc bi\u1ec3n","publisher":{"@id":"https:\/\/kysearo.com\/#organization"},"potentialAction":[{"@type":"SearchAction","target":{"@type":"EntryPoint","urlTemplate":"https:\/\/kysearo.com\/?s={search_term_string}"},"query-input":{"@type":"PropertyValueSpecification","valueRequired":true,"valueName":"search_term_string"}}],"inLanguage":"vi"},{"@type":"Organization","@id":"https:\/\/kysearo.com\/#organization","name":"C\u00f4ng ty TNHH thi\u1ebft b\u1ecb kh\u1eed m\u1eb7n n\u01b0\u1edbc bi\u1ec3n Kangyang","url":"https:\/\/kysearo.com\/","logo":{"@type":"ImageObject","inLanguage":"vi","@id":"https:\/\/kysearo.com\/#\/schema\/logo\/image\/","url":"https:\/\/kysearo.com\/wp-content\/uploads\/2020\/04\/kysearo-logo.jpg","contentUrl":"https:\/\/kysearo.com\/wp-content\/uploads\/2020\/04\/kysearo-logo.jpg","width":80,"height":80,"caption":"Kangyang seawater desalination equipment Co.,ltd"},"image":{"@id":"https:\/\/kysearo.com\/#\/schema\/logo\/image\/"}}]}},"_links":{"self":[{"href":"https:\/\/kysearo.com\/vi\/wp-json\/wp\/v2\/pages\/4877","targetHints":{"allow":["GET"]}}],"collection":[{"href":"https:\/\/kysearo.com\/vi\/wp-json\/wp\/v2\/pages"}],"about":[{"href":"https:\/\/kysearo.com\/vi\/wp-json\/wp\/v2\/types\/page"}],"author":[{"embeddable":true,"href":"https:\/\/kysearo.com\/vi\/wp-json\/wp\/v2\/users\/1"}],"replies":[{"embeddable":true,"href":"https:\/\/kysearo.com\/vi\/wp-json\/wp\/v2\/comments?post=4877"}],"version-history":[{"count":18,"href":"https:\/\/kysearo.com\/vi\/wp-json\/wp\/v2\/pages\/4877\/revisions"}],"predecessor-version":[{"id":5808,"href":"https:\/\/kysearo.com\/vi\/wp-json\/wp\/v2\/pages\/4877\/revisions\/5808"}],"wp:featuredmedia":[{"embeddable":true,"href":"https:\/\/kysearo.com\/vi\/wp-json\/wp\/v2\/media\/5070"}],"wp:attachment":[{"href":"https:\/\/kysearo.com\/vi\/wp-json\/wp\/v2\/media?parent=4877"}],"curies":[{"name":"wp","href":"https:\/\/api.w.org\/{rel}","templated":true}]}}